{"id":2375,"date":"2021-05-17T14:22:27","date_gmt":"2021-05-17T14:22:27","guid":{"rendered":"https:\/\/young-authentic.com\/casa\/"},"modified":"2025-04-20T13:49:04","modified_gmt":"2025-04-20T13:49:04","slug":"casa","status":"publish","type":"page","link":"https:\/\/young-authentic.com\/pt-pt\/","title":{"rendered":"Casa"},"content":{"rendered":"<p>[et_pb_section fb_built=&#8221;1&#8243; custom_padding_last_edited=&#8221;on|phone&#8221; _builder_version=&#8221;4.16&#8243; background_color=&#8221;rgba(224,159,17,0.24)&#8221; custom_padding_tablet=&#8221;0px||||false|false&#8221; custom_padding_phone=&#8221;&#8221; global_colors_info=&#8221;{}&#8221;][et_pb_row custom_padding_last_edited=&#8221;on|desktop&#8221; _builder_version=&#8221;4.16&#8243; custom_padding=&#8221;70px||||false|false&#8221; custom_padding_tablet=&#8221;70px||||false|false&#8221; custom_padding_phone=&#8221;&#8221; global_colors_info=&#8221;{}&#8221;][et_pb_column type=&#8221;4_4&#8243; _builder_version=&#8221;4.16&#8243; global_colors_info=&#8221;{}&#8221;][et_pb_text _builder_version=&#8221;4.27.4&#8243; text_font=&#8221;Gayathri||||||||&#8221; text_text_color=&#8221;#633b00&#8243; text_font_size=&#8221;18px&#8221; text_letter_spacing=&#8221;2px&#8221; custom_padding=&#8221;||0px||false|false&#8221; global_colors_info=&#8221;{}&#8221;]<\/p>\n<p><span style=\"color: rgba(0, 132, 155, 0.82); font-size: x-large;\"><strong>In\u00edcio-<\/strong><span style=\"font-weight: 400;\"><strong>Vale de Raman!<\/strong><\/span><\/span><span style=\"font-weight: 400;\"><\/span><span style=\"font-weight: 400;\"><\/span><tmpopup style=\"top: 168px; left: 269.667px;\"><tmpopupcolor style=\"background: #dd99ff;\" id=\"tmpopupcolor--1\"><\/tmpopupcolor><tmpopupcolor style=\"background: #66bbff;\" id=\"tmpopupcolor--2\"><\/tmpopupcolor><tmpopupcolor style=\"background: #55ff55;\" id=\"tmpopupcolor--3\"><\/tmpopupcolor><tmpopupcolor style=\"background: #ff6666;\" id=\"tmpopupcolor--4\"><\/tmpopupcolor><tmpopupcolor style=\"background: #ffcc00;\" id=\"tmpopupcolor--5\"><\/tmpopupcolor><tmpopupcolor style=\"background: #ffee00;\" id=\"tmpopupcolor--m\"><\/tmpopupcolor><\/tmpopup><tmpopup style=\"top: 35px; left: 11px;\"><tmpopupcolor style=\"background: #dd99ff;\" id=\"tmpopupcolor--1\"><\/tmpopupcolor><tmpopupcolor style=\"background: #66bbff;\" id=\"tmpopupcolor--2\"><\/tmpopupcolor><tmpopupcolor style=\"background: #55ff55;\" id=\"tmpopupcolor--3\"><\/tmpopupcolor><tmpopupcolor style=\"background: #ff6666;\" id=\"tmpopupcolor--4\"><\/tmpopupcolor><tmpopupcolor style=\"background: #ffcc00;\" id=\"tmpopupcolor--5\"><\/tmpopupcolor><\/tmpopup><\/p>\n<p><span style=\"font-weight: 400;\">Acolhemos todos os que procuram uma experi\u00eancia especial.<\/span><\/p>\n<p>O <span style=\"font-weight: 400;\">Raman Valley nasceu da ideia de encontrar for\u00e7a na comunidade<br \/>e, ao mesmo tempo, manter a tua pr\u00f3pria autonomia <\/span>. <span style=\"font-weight: 400;\"><br \/><\/span><span style=\"font-weight: 400;\">Da\u00ed nasceu a ideia de oferecer v\u00e1rias op\u00e7\u00f5es de alojamento, <\/span><span style=\"font-weight: 400;\"><\/span><span style=\"font-weight: 400;\">para que os amantes da natureza, os aventureiros<br \/>ou as pessoas que simplesmente gostam de paz e sossego possam encontrar uma casa connosco, seja por um per\u00edodo curto ou longo.<\/span><\/p>\n<p><span style=\"font-weight: 400;\">O vale \u00e9 um ref\u00fagio de paz no meio da natureza.<\/span><span style=\"font-weight: 400;\"><\/span><span style=\"font-weight: 400;\"><br \/><\/span><span style=\"font-weight: 400;\"><br \/><\/span><span style=\"font-weight: 400;\">Aqui ter\u00e1s acesso a v\u00e1rios mundos ao mesmo tempo.  <\/span><span style=\"font-weight: 400;\"><\/span><span style=\"font-weight: 400;\">as montanhas e o mar &#8211;<br \/>mas tamb\u00e9m est\u00e1 perto de cidades maiores com atrac\u00e7\u00f5es culturais.<\/span><span style=\"font-weight: 400;\"><br \/><\/span><span style=\"font-weight: 400;\">Tr\u00eas praias maravilhosas na reserva natural da Costa Vicentina ficam a 20 minutos de carro.<br \/><\/span><span style=\"font-weight: 400;\"><\/span><i><span style=\"font-weight: 400;\"><br \/><\/span><\/i><span style=\"font-weight: 400;\">Para seres aut\u00eantico, tamb\u00e9m precisas de um ambiente aut\u00eantico &#8211;<br \/>\u00c9 por isso que te estamos a proporcionar este espa\u00e7o.<\/span><span style=\"font-weight: 400;\"><\/span><\/p>\n<p>Clica aqui para ires ao nosso complexo residencial:<\/p>\n<p>[\/et_pb_text][\/et_pb_column][\/et_pb_row][et_pb_row _builder_version=&#8221;4.27.4&#8243; custom_padding=&#8221;0px||||false|false&#8221; global_colors_info=&#8221;{}&#8221; column_structure=&#8221;1_5,1_5,1_5,1_5,1_5&#8243;][et_pb_column type=&#8221;1_5&#8243; _builder_version=&#8221;4.16&#8243; global_colors_info=&#8221;{}&#8221;][et_pb_button button_url=&#8221;https:\/\/young-authentic.com\/pt-pt\/vale-de-raman\/&#8221; url_new_window=&#8221;on&#8221; button_text=&#8221;Vale de Raman&#8221; button_alignment=&#8221;center&#8221; _builder_version=&#8221;4.27.4&#8243; custom_button=&#8221;on&#8221; button_text_color=&#8221;rgba(0,132,155,0.82)&#8221; button_border_width=&#8221;2px&#8221; custom_padding=&#8221;0px||0px||false|false&#8221; hover_enabled=&#8221;0&#8243; global_colors_info=&#8221;{}&#8221; button_text_size=&#8221;18px&#8221; sticky_enabled=&#8221;0&#8243;][\/et_pb_button][\/et_pb_column][et_pb_column type=&#8221;1_5&#8243; _builder_version=&#8221;4.16&#8243; global_colors_info=&#8221;{}&#8221;][et_pb_button button_url=&#8221;https:\/\/young-authentic.com\/pt-pt\/casa-prema\/&#8221; button_text=&#8221;Casa Prema&#8221; button_alignment=&#8221;center&#8221; _builder_version=&#8221;4.27.4&#8243; custom_button=&#8221;on&#8221; button_text_color=&#8221;rgba(0,132,155,0.82)&#8221; button_border_width=&#8221;2px&#8221; custom_padding=&#8221;0px||0px||true|false&#8221; hover_enabled=&#8221;0&#8243; global_colors_info=&#8221;{}&#8221; theme_builder_area=&#8221;post_content&#8221; button_text_size=&#8221;18px&#8221; sticky_enabled=&#8221;0&#8243; url_new_window=&#8221;on&#8221;][\/et_pb_button][\/et_pb_column][et_pb_column type=&#8221;1_5&#8243; _builder_version=&#8221;4.16&#8243; global_colors_info=&#8221;{}&#8221;][et_pb_button button_url=&#8221;https:\/\/young-authentic.com\/pt-pt\/casa-manjari\/&#8221; button_text=&#8221;Casa Manjari&#8221; button_alignment=&#8221;center&#8221; _builder_version=&#8221;4.27.4&#8243; custom_button=&#8221;on&#8221; button_text_color=&#8221;rgba(0,132,155,0.82)&#8221; button_border_width=&#8221;2px&#8221; custom_padding=&#8221;0px||0px||true|false&#8221; hover_enabled=&#8221;0&#8243; global_colors_info=&#8221;{}&#8221; theme_builder_area=&#8221;post_content&#8221; url_new_window=&#8221;on&#8221; button_text_size=&#8221;18px&#8221; sticky_enabled=&#8221;0&#8243;][\/et_pb_button][\/et_pb_column][et_pb_column type=&#8221;1_5&#8243; _builder_version=&#8221;4.16&#8243; global_colors_info=&#8221;{}&#8221;][et_pb_button button_url=&#8221;https:\/\/young-authentic.com\/pt-pt\/wohnwagen-shila\/&#8221; button_text=&#8221;Caravana Shila&#8221; button_alignment=&#8221;center&#8221; _builder_version=&#8221;4.27.4&#8243; custom_button=&#8221;on&#8221; button_text_color=&#8221;rgba(0,132,155,0.82)&#8221; button_border_width=&#8221;2px&#8221; custom_padding=&#8221;0px||0px||true|false&#8221; hover_enabled=&#8221;0&#8243; global_colors_info=&#8221;{}&#8221; theme_builder_area=&#8221;post_content&#8221; url_new_window=&#8221;on&#8221; button_text_size=&#8221;18px&#8221; sticky_enabled=&#8221;0&#8243;][\/et_pb_button][\/et_pb_column][et_pb_column type=&#8221;1_5&#8243; _builder_version=&#8221;4.16&#8243; global_colors_info=&#8221;{}&#8221;][et_pb_button button_url=&#8221;https:\/\/young-authentic.com\/pt-pt\/lanca-o-vrinda\/&#8221; button_text=&#8221;Lan\u00e7a o Vrinda&#8221; button_alignment=&#8221;center&#8221; _builder_version=&#8221;4.27.4&#8243; custom_button=&#8221;on&#8221; button_text_color=&#8221;rgba(0,132,155,0.82)&#8221; button_border_width=&#8221;2px&#8221; custom_padding=&#8221;0px||0px||true|false&#8221; hover_enabled=&#8221;0&#8243; global_colors_info=&#8221;{}&#8221; theme_builder_area=&#8221;post_content&#8221; url_new_window=&#8221;on&#8221; button_text_size=&#8221;18px&#8221; sticky_enabled=&#8221;0&#8243;][\/et_pb_button][\/et_pb_column][\/et_pb_row][\/et_pb_section]<\/p>\n","protected":false},"excerpt":{"rendered":"<p>In\u00edcio-Vale de Raman! Acolhemos todos os que procuram uma experi\u00eancia especial. O Raman Valley nasceu da ideia de encontrar for\u00e7a na comunidadee, ao mesmo tempo, manter a tua pr\u00f3pria autonomia . Da\u00ed nasceu a ideia de oferecer v\u00e1rias op\u00e7\u00f5es de alojamento, para que os amantes da natureza, os aventureirosou as pessoas que simplesmente gostam de [&hellip;]<\/p>\n","protected":false},"author":1,"featured_media":0,"parent":0,"menu_order":0,"comment_status":"closed","ping_status":"closed","template":"","meta":{"_et_pb_use_builder":"on","_et_pb_old_content":"","_et_gb_content_width":"","footnotes":""},"class_list":["post-2375","page","type-page","status-publish","hentry"],"_links":{"self":[{"href":"https:\/\/young-authentic.com\/pt-pt\/wp-json\/wp\/v2\/pages\/2375","targetHints":{"allow":["GET"]}}],"collection":[{"href":"https:\/\/young-authentic.com\/pt-pt\/wp-json\/wp\/v2\/pages"}],"about":[{"href":"https:\/\/young-authentic.com\/pt-pt\/wp-json\/wp\/v2\/types\/page"}],"author":[{"embeddable":true,"href":"https:\/\/young-authentic.com\/pt-pt\/wp-json\/wp\/v2\/users\/1"}],"replies":[{"embeddable":true,"href":"https:\/\/young-authentic.com\/pt-pt\/wp-json\/wp\/v2\/comments?post=2375"}],"version-history":[{"count":24,"href":"https:\/\/young-authentic.com\/pt-pt\/wp-json\/wp\/v2\/pages\/2375\/revisions"}],"predecessor-version":[{"id":4682,"href":"https:\/\/young-authentic.com\/pt-pt\/wp-json\/wp\/v2\/pages\/2375\/revisions\/4682"}],"wp:attachment":[{"href":"https:\/\/young-authentic.com\/pt-pt\/wp-json\/wp\/v2\/media?parent=2375"}],"curies":[{"name":"wp","href":"https:\/\/api.w.org\/{rel}","templated":true}]}}