{"id":2384,"date":"2021-05-17T14:59:44","date_gmt":"2021-05-17T14:59:44","guid":{"rendered":"https:\/\/young-authentic.com\/quem-somos\/"},"modified":"2025-04-24T19:58:27","modified_gmt":"2025-04-24T19:58:27","slug":"quem-somos","status":"publish","type":"page","link":"https:\/\/young-authentic.com\/pt-pt\/quem-somos\/","title":{"rendered":"Quem somos"},"content":{"rendered":"<p>[et_pb_section fb_built=&#8221;1&#8243; custom_padding_last_edited=&#8221;on|phone&#8221; _builder_version=&#8221;4.16&#8243; background_color=&#8221;rgba(224,159,17,0.24)&#8221; custom_padding_tablet=&#8221;0px||0px||false|false&#8221; custom_padding_phone=&#8221;0px||||false|false&#8221; global_colors_info=&#8221;{}&#8221;][et_pb_row column_structure=&#8221;1_2,1_2&#8243; custom_padding_last_edited=&#8221;on|desktop&#8221; _builder_version=&#8221;4.27.4&#8243; custom_padding=&#8221;0px||0px||false|false&#8221; custom_padding_tablet=&#8221;||0px||false|false&#8221; custom_padding_phone=&#8221;70px||||false|false&#8221; global_colors_info=&#8221;{}&#8221;][et_pb_column type=&#8221;1_2&#8243; _builder_version=&#8221;4.16&#8243; global_colors_info=&#8221;{}&#8221;][et_pb_button button_url=&#8221;https:\/\/young-authentic.com\/pt-pt\/contato\/&#8221; button_text=&#8221;contato&#8221; button_alignment=&#8221;center&#8221; _builder_version=&#8221;4.16&#8243; custom_button=&#8221;on&#8221; button_text_color=&#8221;rgba(0,132,155,0.82)&#8221; button_border_width=&#8221;2px&#8221; button_border_radius=&#8221;3px&#8221; custom_padding=&#8221;0px||0px||true|false&#8221; global_colors_info=&#8221;{}&#8221;][\/et_pb_button][\/et_pb_column][et_pb_column type=&#8221;1_2&#8243; _builder_version=&#8221;4.16&#8243; global_colors_info=&#8221;{}&#8221;][et_pb_button button_url=&#8221;https:\/\/young-authentic.com\/pt-pt\/feedback\/&#8221; button_text=&#8221;feedback&#8221; button_alignment=&#8221;center&#8221; _builder_version=&#8221;4.16&#8243; custom_button=&#8221;on&#8221; button_text_color=&#8221;rgba(0,132,155,0.82)&#8221; button_border_width=&#8221;2px&#8221; custom_padding=&#8221;0px||0px||true|false&#8221; global_colors_info=&#8221;{}&#8221;][\/et_pb_button][\/et_pb_column][\/et_pb_row][et_pb_row custom_padding_last_edited=&#8221;on|phone&#8221; _builder_version=&#8221;4.16&#8243; custom_padding=&#8221;50px||30px||false|false&#8221; custom_padding_tablet=&#8221;70px||30px||false|false&#8221; custom_padding_phone=&#8221;||30px||false|false&#8221; border_width_bottom=&#8221;3px&#8221; border_color_bottom=&#8221;#ffffff&#8221; global_colors_info=&#8221;{}&#8221;][et_pb_column type=&#8221;4_4&#8243; _builder_version=&#8221;4.16&#8243; global_colors_info=&#8221;{}&#8221;][et_pb_text _builder_version=&#8221;4.27.4&#8243; text_font=&#8221;Gayathri||||||||&#8221; text_text_color=&#8221;#633b00&#8243; text_font_size=&#8221;18px&#8221; text_letter_spacing=&#8221;1px&#8221; global_colors_info=&#8221;{}&#8221;]<\/p>\n<p><span style=\"font-size: x-large; color: rgba(0, 132, 155, 0.82);\"><strong>Quem somos<\/strong><\/span><\/p>\n<p>Com uma equipa de diferentes personagens e faixas et\u00e1rias,<br \/>esfor\u00e7amo-nos por tornar a tua estadia em Raman Valley o mais agrad\u00e1vel poss\u00edvel.<span style=\"font-weight: 400;\"><\/span><tmpopup style=\"top: 42px; left: 267.883px;\"><tmpopupcolor style=\"background: #dd99ff;\" id=\"tmpopupcolor--1\"><\/tmpopupcolor><tmpopupcolor style=\"background: #66bbff;\" id=\"tmpopupcolor--2\"><\/tmpopupcolor><tmpopupcolor style=\"background: #55ff55;\" id=\"tmpopupcolor--3\"><\/tmpopupcolor><tmpopupcolor style=\"background: #ff6666;\" id=\"tmpopupcolor--4\"><\/tmpopupcolor><tmpopupcolor style=\"background: #ffcc00;\" id=\"tmpopupcolor--5\"><\/tmpopupcolor><br \/><\/tmpopup><\/p>\n<p><tmpopup style=\"top: 47px; left: 11px;\"><tmpopupcolor style=\"background: #dd99ff;\" id=\"tmpopupcolor--1\"><\/tmpopupcolor><tmpopupcolor style=\"background: #66bbff;\" id=\"tmpopupcolor--2\"><\/tmpopupcolor><tmpopupcolor style=\"background: #55ff55;\" id=\"tmpopupcolor--3\"><\/tmpopupcolor><tmpopupcolor style=\"background: #ff6666;\" id=\"tmpopupcolor--4\"><\/tmpopupcolor><tmpopupcolor style=\"background: #ffcc00;\" id=\"tmpopupcolor--5\"><\/tmpopupcolor><tmpopupcolor style=\"background: #ffee00;\" id=\"tmpopupcolor--m\"><\/tmpopupcolor><\/tmpopup><\/p>\n<p>[\/et_pb_text][\/et_pb_column][\/et_pb_row][\/et_pb_section][et_pb_section fb_built=&#8221;1&#8243; custom_padding_last_edited=&#8221;on|tablet&#8221; _builder_version=&#8221;4.16&#8243; background_color=&#8221;rgba(224,159,17,0.24)&#8221; custom_padding_tablet=&#8221;0px||||false|false&#8221; custom_padding_phone=&#8221;&#8221; global_colors_info=&#8221;{}&#8221;][et_pb_row custom_padding_last_edited=&#8221;on|phone&#8221; _builder_version=&#8221;4.16&#8243; custom_padding=&#8221;50px||0px||false|false&#8221; custom_padding_tablet=&#8221;30px||0px||false|false&#8221; custom_padding_phone=&#8221;30px||||false|false&#8221; global_colors_info=&#8221;{}&#8221;][et_pb_column type=&#8221;4_4&#8243; _builder_version=&#8221;4.16&#8243; global_colors_info=&#8221;{}&#8221;][et_pb_text _builder_version=&#8221;4.16&#8243; text_font=&#8221;Gayathri|700|||||||&#8221; text_text_color=&#8221;rgba(0,132,155,0.82)&#8221; text_font_size=&#8221;28px&#8221; text_letter_spacing=&#8221;2px&#8221; text_orientation=&#8221;center&#8221; global_colors_info=&#8221;{}&#8221;]<\/p>\n<p>Xenia<\/p>\n<p>[\/et_pb_text][\/et_pb_column][\/et_pb_row][et_pb_row _builder_version=&#8221;4.16&#8243; _module_preset=&#8221;default&#8221; custom_padding=&#8221;20px||||false|false&#8221; global_colors_info=&#8221;{}&#8221;][et_pb_column type=&#8221;4_4&#8243; _builder_version=&#8221;4.16&#8243; _module_preset=&#8221;default&#8221; global_colors_info=&#8221;{}&#8221;][et_pb_text _builder_version=&#8221;4.27.4&#8243; _module_preset=&#8221;default&#8221; text_font=&#8221;Gayathri||||||||&#8221; text_text_color=&#8221;#633b00&#8243; text_font_size=&#8221;18px&#8221; text_letter_spacing=&#8221;2px&#8221; text_orientation=&#8221;center&#8221; hover_enabled=&#8221;0&#8243; global_colors_info=&#8221;{}&#8221; sticky_enabled=&#8221;0&#8243;]<\/p>\n<p><strong>&#8220;Toda a gente quer mudar o mundo, mas ningu\u00e9m quer mudar a si pr\u00f3prio.&#8221;<\/strong><span style=\"font-weight: 400;\"><br \/>(Leo Tolstoy)<br \/><\/span><\/p>\n<p><span style=\"font-weight: 400;\"><strong>Atualmente: <\/strong>Correspondente de l\u00ednguas estrangeiras e professor online, <strong>Idade:<\/strong> 24 anos<\/span><\/p>\n<p><span style=\"font-weight: 400;\"><strong>Interesses:<\/strong> Aprender a cultura e o estilo de vida v\u00e9dicos, cantar bhajans, ler, animais<br \/><\/span><\/p>\n<p>[\/et_pb_text][\/et_pb_column][\/et_pb_row][et_pb_row column_structure=&#8221;2_5,3_5&#8243; _builder_version=&#8221;4.16&#8243; _module_preset=&#8221;default&#8221; custom_padding=&#8221;10px||||false|false&#8221; border_width_bottom=&#8221;3px&#8221; border_color_bottom=&#8221;#ffffff&#8221; global_colors_info=&#8221;{}&#8221;][et_pb_column type=&#8221;2_5&#8243; _builder_version=&#8221;4.16&#8243; _module_preset=&#8221;default&#8221; global_colors_info=&#8221;{}&#8221;][et_pb_image src=&#8221;https:\/\/young-authentic.com\/wp-content\/uploads\/2020\/12\/Xeniaa-2.jpg&#8221; title_text=&#8221;Xenia&#8221; align=&#8221;center&#8221; _builder_version=&#8221;4.27.4&#8243; _module_preset=&#8221;default&#8221; width=&#8221;70%&#8221; width_tablet=&#8221;80%&#8221; width_phone=&#8221;100%&#8221; width_last_edited=&#8221;on|tablet&#8221; global_colors_info=&#8221;{}&#8221;][\/et_pb_image][\/et_pb_column][et_pb_column type=&#8221;3_5&#8243; _builder_version=&#8221;4.16&#8243; _module_preset=&#8221;default&#8221; global_colors_info=&#8221;{}&#8221;][et_pb_text _builder_version=&#8221;4.27.4&#8243; _module_preset=&#8221;default&#8221; text_font=&#8221;Gayathri||||||||&#8221; text_text_color=&#8221;#633b00&#8243; text_font_size=&#8221;18px&#8221; text_letter_spacing=&#8221;2px&#8221; hover_enabled=&#8221;0&#8243; global_colors_info=&#8221;{}&#8221; sticky_enabled=&#8221;0&#8243;]<\/p>\n<p>Tendo crescido neste belo lugar durante onze anos, estou muito familiarizado com o s\u00edtio a que chamo casa. Aprendi a l\u00edngua portuguesa aqui na escola e tenho o prazer de a utilizar sempre que posso.<\/p>\n<p>O Vale de Raman oferece muito mais do que apenas uma casa comum. <br \/>O auto-desenvolvimento e as pr\u00e1ticas espirituais tamb\u00e9m funcionam particularmente bem aqui. A aura do lugar \u00e9 muito especial &#8211; mesmo em compara\u00e7\u00e3o com outros lugares semelhantes na vizinhan\u00e7a.<\/p>\n<p>O Vale de Raman acolhe toda a gente! Pessoas e animais vivem aqui juntos h\u00e1 gera\u00e7\u00f5es.<\/p>\n<p>Isto \u00e9 algo para si? N\u00e3o hesite em escrever-me uma mensagem para uma estadia no nosso pequeno para\u00edso!<\/p>\n<p>[\/et_pb_text][\/et_pb_column][\/et_pb_row][\/et_pb_section][et_pb_section fb_built=&#8221;1&#8243; custom_padding_last_edited=&#8221;on|tablet&#8221; _builder_version=&#8221;4.16&#8243; background_color=&#8221;rgba(224,159,17,0.24)&#8221; custom_padding_tablet=&#8221;0px||||false|false&#8221; custom_padding_phone=&#8221;&#8221; global_colors_info=&#8221;{}&#8221;][et_pb_row custom_padding_last_edited=&#8221;on|phone&#8221; _builder_version=&#8221;4.16&#8243; custom_padding=&#8221;50px||0px||false|false&#8221; custom_padding_tablet=&#8221;30px||0px||false|false&#8221; custom_padding_phone=&#8221;30px||||false|false&#8221; global_colors_info=&#8221;{}&#8221;][et_pb_column type=&#8221;4_4&#8243; _builder_version=&#8221;4.16&#8243; global_colors_info=&#8221;{}&#8221;][et_pb_text _builder_version=&#8221;4.27.4&#8243; text_font=&#8221;Gayathri|700|||||||&#8221; text_text_color=&#8221;rgba(0,132,155,0.82)&#8221; text_font_size=&#8221;28px&#8221; text_letter_spacing=&#8221;2px&#8221; text_orientation=&#8221;center&#8221; global_colors_info=&#8221;{}&#8221;]<\/p>\n<p>ANDREA<\/p>\n<p>[\/et_pb_text][\/et_pb_column][\/et_pb_row][et_pb_row _builder_version=&#8221;4.16&#8243; _module_preset=&#8221;default&#8221; custom_padding=&#8221;20px||||false|false&#8221; global_colors_info=&#8221;{}&#8221;][et_pb_column type=&#8221;4_4&#8243; _builder_version=&#8221;4.16&#8243; _module_preset=&#8221;default&#8221; global_colors_info=&#8221;{}&#8221;][et_pb_text _builder_version=&#8221;4.27.4&#8243; _module_preset=&#8221;default&#8221; text_font=&#8221;Gayathri||||||||&#8221; text_text_color=&#8221;#633b00&#8243; text_font_size=&#8221;18px&#8221; text_letter_spacing=&#8221;2px&#8221; text_orientation=&#8221;center&#8221; hover_enabled=&#8221;0&#8243; global_colors_info=&#8221;{}&#8221; sticky_enabled=&#8221;0&#8243;]<\/p>\n<p><b>&#8220;<\/b><b>De fins sem esperan\u00e7a a uma esperan\u00e7a sem fim&#8221;.<br \/><\/b><strong>(De fins sem esperan\u00e7a a uma esperan\u00e7a sem fim).<\/strong><\/p>\n<p><span style=\"font-weight: 400;\"><strong>Atual: <\/strong>Pedagoga socia, <strong>Idade:<\/strong> 43 anos <\/span><\/p>\n<p><span style=\"font-weight: 400;\"><strong>Interesses:<\/strong> tocar saxofone, o tema da &#8220;alta sensibilidade&#8221;, filosofia v\u00e9dica <\/span><\/p>\n<p>[\/et_pb_text][\/et_pb_column][\/et_pb_row][et_pb_row column_structure=&#8221;2_5,3_5&#8243; _builder_version=&#8221;4.16&#8243; _module_preset=&#8221;default&#8221; custom_padding=&#8221;10px||||false|false&#8221; border_width_bottom=&#8221;3px&#8221; border_color_bottom=&#8221;#ffffff&#8221; global_colors_info=&#8221;{}&#8221;][et_pb_column type=&#8221;2_5&#8243; _builder_version=&#8221;4.16&#8243; _module_preset=&#8221;default&#8221; global_colors_info=&#8221;{}&#8221;][et_pb_image src=&#8221;https:\/\/young-authentic.com\/wp-content\/uploads\/2025\/04\/WhatsApp-Bild-2025-04-14-um-17.46.51_e31bdb46.jpg&#8221; title_text=&#8221;Imagem do WhatsApp 2025-04-14 \u00e0s 17.46.51_e31bdb46&#8243; show_in_lightbox=&#8221;on&#8221; align=&#8221;center&#8221; _builder_version=&#8221;4.27.4&#8243; _module_preset=&#8221;default&#8221; width=&#8221;70%&#8221; width_tablet=&#8221;80%&#8221; width_phone=&#8221;100%&#8221; width_last_edited=&#8221;on|tablet&#8221; global_colors_info=&#8221;{}&#8221;][\/et_pb_image][\/et_pb_column][et_pb_column type=&#8221;3_5&#8243; _builder_version=&#8221;4.16&#8243; _module_preset=&#8221;default&#8221; global_colors_info=&#8221;{}&#8221;][et_pb_text _builder_version=&#8221;4.27.4&#8243; _module_preset=&#8221;default&#8221; text_font=&#8221;Gayathri||||||||&#8221; text_text_color=&#8221;#633b00&#8243; text_font_size=&#8221;18px&#8221; text_letter_spacing=&#8221;2px&#8221; global_colors_info=&#8221;{}&#8221;]<\/p>\n<p><span style=\"font-weight: 400;\">A primeira vez que visitei o Vale de Raman foi em 2020.  <\/span><span style=\"font-weight: 400;\"><br \/><\/span><span style=\"font-weight: 400;\">A paz e a clareza do lugar e da natureza circundante s\u00e3o sempre calmantes, relaxantes e um &#8220;tesouro&#8221; num tempo cada vez mais r\u00e1pido e agitado.<\/span><span style=\"font-weight: 400;\"><\/span><\/p>\n<p><span style=\"font-weight: 400;\">H\u00e1 muitas maneiras de explorar a \u00e1rea circundante &#8211;<br \/>num passeio pelas florestas de eucaliptos, uma visita \u00e0s belas praias do Algarve e muito mais.<\/span><span style=\"font-weight: 400;\"><\/span><\/p>\n<p><span style=\"font-weight: 400;\">No grande jardim que rodeia as instala\u00e7\u00f5es, podes envolver-te ativamente na cria\u00e7\u00e3o de algo belo.<\/span><\/p>\n<p><span style=\"font-weight: 400;\"><\/span><span style=\"font-weight: 400;\"><\/span><span style=\"font-weight: 400;\">Pessoalmente, adoro a mistura de tudo isto e isso motiva-me a continuar a regressar a este lugar especial.<\/span><\/p>\n<p>Estou muito contente por fazer parte da equipa!<\/p>\n<p><tmpopup style=\"top: 0px; left: 11px;\"><tmpopupcolor style=\"background: #dd99ff;\" id=\"tmpopupcolor--1\"><\/tmpopupcolor><tmpopupcolor style=\"background: #66bbff;\" id=\"tmpopupcolor--2\"><\/tmpopupcolor><tmpopupcolor style=\"background: #55ff55;\" id=\"tmpopupcolor--3\"><\/tmpopupcolor><tmpopupcolor style=\"background: #ff6666;\" id=\"tmpopupcolor--4\"><\/tmpopupcolor><tmpopupcolor style=\"background: #ffcc00;\" id=\"tmpopupcolor--5\"><\/tmpopupcolor><tmpopupcolor style=\"background: #ffee00;\" id=\"tmpopupcolor--m\"><\/tmpopupcolor><\/tmpopup><\/p>\n<p>[\/et_pb_text][\/et_pb_column][\/et_pb_row][et_pb_row custom_padding_last_edited=&#8221;on|phone&#8221; _builder_version=&#8221;4.16&#8243; custom_padding=&#8221;50px||0px||false|false&#8221; custom_padding_tablet=&#8221;30px||0px||false|false&#8221; custom_padding_phone=&#8221;30px||||false|false&#8221; global_colors_info=&#8221;{}&#8221;][et_pb_column type=&#8221;4_4&#8243; _builder_version=&#8221;4.16&#8243; global_colors_info=&#8221;{}&#8221;][et_pb_text _builder_version=&#8221;4.27.4&#8243; text_font=&#8221;Gayathri|700|||||||&#8221; text_text_color=&#8221;rgba(0,132,155,0.82)&#8221; text_font_size=&#8221;28px&#8221; text_letter_spacing=&#8221;2px&#8221; text_orientation=&#8221;center&#8221; global_colors_info=&#8221;{}&#8221;]<\/p>\n<p>Luisa<\/p>\n<p>[\/et_pb_text][\/et_pb_column][\/et_pb_row][et_pb_row _builder_version=&#8221;4.16&#8243; _module_preset=&#8221;default&#8221; custom_padding=&#8221;20px||||false|false&#8221; global_colors_info=&#8221;{}&#8221;][et_pb_column type=&#8221;4_4&#8243; _builder_version=&#8221;4.16&#8243; _module_preset=&#8221;default&#8221; global_colors_info=&#8221;{}&#8221;][et_pb_text _builder_version=&#8221;4.27.4&#8243; _module_preset=&#8221;default&#8221; text_font=&#8221;Gayathri||||||||&#8221; text_text_color=&#8221;#633b00&#8243; text_font_size=&#8221;18px&#8221; text_letter_spacing=&#8221;2px&#8221; text_orientation=&#8221;center&#8221; hover_enabled=&#8221;0&#8243; global_colors_info=&#8221;{}&#8221; sticky_enabled=&#8221;0&#8243;]<\/p>\n<p><span style=\"font-weight: 400;\"><b>Tudo no seu tempo tem o seu tempo.<br \/>O perto torna-se longe, o quente torna-se frio, o jovem torna-se velho,<br \/>o frio torna-se quente, o rico torna-se pobre, o tolo torna-se esperto.<br \/>Tudo no seu tempo.<br \/>(Goethe)<\/b><\/span><\/p>\n<p><span style=\"font-weight: 400;\"><strong>Atualmente: <\/strong>Escriv\u00e3o de Not\u00e1rio, <strong>Idade:<\/strong> 33 anos<\/span><\/p>\n<p><span style=\"font-weight: 400;\"><strong>Interesses:<\/strong> Tecnologia inform\u00e1tica, viajar, futebol, pintura, fotografia <\/span><\/p>\n<p>[\/et_pb_text][\/et_pb_column][\/et_pb_row][et_pb_row column_structure=&#8221;2_5,3_5&#8243; _builder_version=&#8221;4.16&#8243; _module_preset=&#8221;default&#8221; custom_padding=&#8221;10px||||false|false&#8221; border_width_bottom=&#8221;3px&#8221; border_color_bottom=&#8221;#ffffff&#8221; global_colors_info=&#8221;{}&#8221;][et_pb_column type=&#8221;2_5&#8243; _builder_version=&#8221;4.16&#8243; _module_preset=&#8221;default&#8221; global_colors_info=&#8221;{}&#8221;][et_pb_image src=&#8221;https:\/\/young-authentic.com\/wp-content\/uploads\/2025\/04\/D60_2966-scaled.jpg&#8221; title_text=&#8221;D60_2966&#8243; align=&#8221;center&#8221; _builder_version=&#8221;4.27.4&#8243; _module_preset=&#8221;default&#8221; width=&#8221;70%&#8221; width_tablet=&#8221;80%&#8221; width_phone=&#8221;100%&#8221; width_last_edited=&#8221;on|tablet&#8221; global_colors_info=&#8221;{}&#8221;][\/et_pb_image][\/et_pb_column][et_pb_column type=&#8221;3_5&#8243; _builder_version=&#8221;4.16&#8243; _module_preset=&#8221;default&#8221; global_colors_info=&#8221;{}&#8221;][et_pb_text _builder_version=&#8221;4.27.4&#8243; _module_preset=&#8221;default&#8221; text_font=&#8221;Gayathri||||||||&#8221; text_text_color=&#8221;#633b00&#8243; text_font_size=&#8221;18px&#8221; text_letter_spacing=&#8221;2px&#8221; global_colors_info=&#8221;{}&#8221;]<\/p>\n<p><span style=\"font-weight: 400;\">O vale de Raman \u00e9 um lugar maravilhoso com um ambiente bonito.<\/span><span style=\"font-weight: 400;\"><br \/><\/span><span style=\"font-weight: 400;\">Podes ver as colinas suaves da paisagem montanhosa, a vista \u00e9 direcionada para um longo vale e para o jardim com as suas muitas \u00e1rvores de fruto.<\/span><\/p>\n<p>A paz t\u00e3o desejada, sem press\u00e3o e sem compuls\u00e3o,<br \/>apenas com a permiss\u00e3o de ser, trouxe-me um acesso renovado a mim mesmo em 2019, depois de muito tempo,<br \/>.<br \/><span style=\"font-weight: 400;\"><\/span><span style=\"font-weight: 400;\"><\/span><span style=\"font-weight: 400;\">Isto acontece aqui por si s\u00f3, pois h\u00e1 poucas influ\u00eancias externas.<br \/><\/span><span style=\"font-weight: 400;\"><br \/><\/span><span style=\"font-weight: 400;\">Gra\u00e7as a esta experi\u00eancia maravilhosa, espero que outras pessoas tamb\u00e9m o possam fazer aqui.<\/span><\/p>\n<p><span style=\"font-weight: 400;\"><\/span><span style=\"font-weight: 400;\">Por isso, gosto muito de fazer parte da equipa.  <\/span><span style=\"font-weight: 400;\"><br \/><\/span><span style=\"font-weight: 400;\">Vejo-te em breve!<\/span><\/p>\n<p>[\/et_pb_text][\/et_pb_column][\/et_pb_row][et_pb_row custom_padding_last_edited=&#8221;on|phone&#8221; _builder_version=&#8221;4.16&#8243; custom_padding=&#8221;50px||0px||false|false&#8221; custom_padding_tablet=&#8221;30px||0px||false|false&#8221; custom_padding_phone=&#8221;30px||||false|false&#8221; global_colors_info=&#8221;{}&#8221;][et_pb_column type=&#8221;4_4&#8243; _builder_version=&#8221;4.16&#8243; global_colors_info=&#8221;{}&#8221;][et_pb_text _builder_version=&#8221;4.27.4&#8243; text_font=&#8221;Gayathri|700|||||||&#8221; text_text_color=&#8221;rgba(0,132,155,0.82)&#8221; text_font_size=&#8221;28px&#8221; text_letter_spacing=&#8221;2px&#8221; text_orientation=&#8221;center&#8221; global_colors_info=&#8221;{}&#8221;]<\/p>\n<p>CLAUDIA<\/p>\n<p>[\/et_pb_text][\/et_pb_column][\/et_pb_row][et_pb_row _builder_version=&#8221;4.16&#8243; _module_preset=&#8221;default&#8221; custom_padding=&#8221;20px||||false|false&#8221; global_colors_info=&#8221;{}&#8221;][et_pb_column type=&#8221;4_4&#8243; _builder_version=&#8221;4.16&#8243; _module_preset=&#8221;default&#8221; global_colors_info=&#8221;{}&#8221;][et_pb_text _builder_version=&#8221;4.27.4&#8243; _module_preset=&#8221;default&#8221; text_font=&#8221;Gayathri||||||||&#8221; text_text_color=&#8221;#633b00&#8243; text_font_size=&#8221;18px&#8221; text_letter_spacing=&#8221;2px&#8221; text_orientation=&#8221;center&#8221; hover_enabled=&#8221;0&#8243; global_colors_info=&#8221;{}&#8221; sticky_enabled=&#8221;0&#8243;]<\/p>\n<p><b>&#8220;Find something you would die for, then live for it.&#8221;<br \/><\/b><b>(Encontra uma coisa pela qual morrerias, depois come\u00e7a a viver por ela).<\/b><span style=\"font-weight: 400;\"><\/span><\/p>\n<p><span style=\"font-weight: 400;\"><strong>Atualmente: <\/strong>Gestalt-terapeuta e coach; gestor de forma\u00e7\u00e3o, semin\u00e1rios, workshops, trabalho individual, <strong>Idade:<\/strong> 58 anos<\/span><\/p>\n<p><span style=\"font-weight: 400;\"><strong>Interesses:<\/strong> Viajar, ler, jardinagem, artesanato e constru\u00e7\u00e3o, Prema (amor puro)<br \/><\/span><\/p>\n<p>[\/et_pb_text][\/et_pb_column][\/et_pb_row][et_pb_row column_structure=&#8221;2_5,3_5&#8243; _builder_version=&#8221;4.16&#8243; _module_preset=&#8221;default&#8221; custom_padding=&#8221;10px||||false|false&#8221; border_width_bottom=&#8221;3px&#8221; border_color_bottom=&#8221;#ffffff&#8221; global_colors_info=&#8221;{}&#8221;][et_pb_column type=&#8221;2_5&#8243; _builder_version=&#8221;4.16&#8243; _module_preset=&#8221;default&#8221; global_colors_info=&#8221;{}&#8221;][et_pb_image src=&#8221;https:\/\/young-authentic.com\/wp-content\/uploads\/2025\/04\/claudia-A7301662.jpg&#8221; title_text=&#8221;claudia-A7301662&#8243; align=&#8221;center&#8221; _builder_version=&#8221;4.27.4&#8243; _module_preset=&#8221;default&#8221; width=&#8221;70%&#8221; width_tablet=&#8221;80%&#8221; width_phone=&#8221;100%&#8221; width_last_edited=&#8221;on|tablet&#8221; global_colors_info=&#8221;{}&#8221;][\/et_pb_image][\/et_pb_column][et_pb_column type=&#8221;3_5&#8243; _builder_version=&#8221;4.16&#8243; _module_preset=&#8221;default&#8221; global_colors_info=&#8221;{}&#8221;][et_pb_text _builder_version=&#8221;4.27.4&#8243; _module_preset=&#8221;default&#8221; text_font=&#8221;Gayathri||||||||&#8221; text_text_color=&#8221;#633b00&#8243; text_font_size=&#8221;18px&#8221; text_letter_spacing=&#8221;2px&#8221; global_colors_info=&#8221;{}&#8221;]<\/p>\n<p>Vim para este s\u00edtio aos 21 anos, magicamente atra\u00eddo por ele. Sempre tive a ideia de dar \u00e0s pessoas uma sensa\u00e7\u00e3o de &#8220;casa longe de casa&#8221; a curto ou longo prazo. <\/p>\n<p>Em todos os anos que vivi l\u00e1, muitas pessoas me visitaram: Como &#8220;workaway&#8221;, como inquilino de um apartamento, amigos, conhecidos e familiares.<br \/>O feedback de todos foi o mesmo&#8230;<br \/>&#8230;que lugar curativo, relaxante e tranquilo.<\/p>\n<p>Eu, pessoalmente, fiz jus ao meu papel de m\u00e3e aqui,<br \/>constru\u00ed o meu pr\u00f3prio pequeno e bem sucedido autoemprego e pude aprender uma quantidade incr\u00edvel em 36 anos numa grande variedade de \u00e1reas de aprendizagem. Cresci e tornei-me naquilo que sou hoje. <\/p>\n<p>Tenho agora o prazer de poder transmitir este espa\u00e7o com toda a minha experi\u00eancia<br \/>e uma equipa jovem!<\/p>\n<p>&nbsp;<\/p>\n<p><tmpopup style=\"top: 0px; left: 11px;\"><tmpopupcolor style=\"background: #dd99ff;\" id=\"tmpopupcolor--1\"><\/tmpopupcolor><tmpopupcolor style=\"background: #66bbff;\" id=\"tmpopupcolor--2\"><\/tmpopupcolor><tmpopupcolor style=\"background: #55ff55;\" id=\"tmpopupcolor--3\"><\/tmpopupcolor><tmpopupcolor style=\"background: #ff6666;\" id=\"tmpopupcolor--4\"><\/tmpopupcolor><tmpopupcolor style=\"background: #ffcc00;\" id=\"tmpopupcolor--5\"><\/tmpopupcolor><tmpopupcolor style=\"background: #ffee00;\" id=\"tmpopupcolor--m\"><\/tmpopupcolor><\/tmpopup><\/p>\n<p>[\/et_pb_text][\/et_pb_column][\/et_pb_row][\/et_pb_section]<\/p>\n","protected":false},"excerpt":{"rendered":"<p>Quem somos Com uma equipa de diferentes personagens e faixas et\u00e1rias,esfor\u00e7amo-nos por tornar a tua estadia em Raman Valley o mais agrad\u00e1vel poss\u00edvel. Xenia&#8221;Toda a gente quer mudar o mundo, mas ningu\u00e9m quer mudar a si pr\u00f3prio.&#8221;(Leo Tolstoy) Atualmente: Correspondente de l\u00ednguas estrangeiras e professor online, Idade: 24 anos Interesses: Aprender a cultura e o [&hellip;]<\/p>\n","protected":false},"author":1,"featured_media":0,"parent":0,"menu_order":0,"comment_status":"closed","ping_status":"closed","template":"","meta":{"_et_pb_use_builder":"on","_et_pb_old_content":"","_et_gb_content_width":"","footnotes":""},"class_list":["post-2384","page","type-page","status-publish","hentry"],"_links":{"self":[{"href":"https:\/\/young-authentic.com\/pt-pt\/wp-json\/wp\/v2\/pages\/2384","targetHints":{"allow":["GET"]}}],"collection":[{"href":"https:\/\/young-authentic.com\/pt-pt\/wp-json\/wp\/v2\/pages"}],"about":[{"href":"https:\/\/young-authentic.com\/pt-pt\/wp-json\/wp\/v2\/types\/page"}],"author":[{"embeddable":true,"href":"https:\/\/young-authentic.com\/pt-pt\/wp-json\/wp\/v2\/users\/1"}],"replies":[{"embeddable":true,"href":"https:\/\/young-authentic.com\/pt-pt\/wp-json\/wp\/v2\/comments?post=2384"}],"version-history":[{"count":43,"href":"https:\/\/young-authentic.com\/pt-pt\/wp-json\/wp\/v2\/pages\/2384\/revisions"}],"predecessor-version":[{"id":4926,"href":"https:\/\/young-authentic.com\/pt-pt\/wp-json\/wp\/v2\/pages\/2384\/revisions\/4926"}],"wp:attachment":[{"href":"https:\/\/young-authentic.com\/pt-pt\/wp-json\/wp\/v2\/media?parent=2384"}],"curies":[{"name":"wp","href":"https:\/\/api.w.org\/{rel}","templated":true}]}}