{"id":3837,"date":"2025-04-15T18:35:35","date_gmt":"2025-04-15T18:35:35","guid":{"rendered":"https:\/\/young-authentic.com\/casa-manjari\/"},"modified":"2025-04-20T13:48:30","modified_gmt":"2025-04-20T13:48:30","slug":"casa-manjari","status":"publish","type":"page","link":"https:\/\/young-authentic.com\/pt-pt\/casa-manjari\/","title":{"rendered":"Casa Manjari"},"content":{"rendered":"<p>[et_pb_section fb_built=&#8221;1&#8243; _builder_version=&#8221;4.27.4&#8243; _module_preset=&#8221;default&#8221; background_color=&#8221;rgba(224,159,17,0.24)&#8221; global_colors_info=&#8221;{}&#8221;][et_pb_row custom_padding_last_edited=&#8221;on|desktop&#8221; _builder_version=&#8221;4.16&#8243; custom_padding=&#8221;||0px||false|false&#8221; custom_padding_tablet=&#8221;0px||0px||true|false&#8221; custom_padding_phone=&#8221;0px||0px||true|false&#8221; global_colors_info=&#8221;{}&#8221;][et_pb_column type=&#8221;4_4&#8243; _builder_version=&#8221;4.16&#8243; global_colors_info=&#8221;{}&#8221;][et_pb_text _builder_version=&#8221;4.27.4&#8243; text_font=&#8221;Gayathri|700|||||||&#8221; text_text_color=&#8221;rgba(0,132,155,0.82)&#8221; text_font_size=&#8221;28px&#8221; text_letter_spacing=&#8221;2px&#8221; global_colors_info=&#8221;{}&#8221;]<\/p>\n<p>Casa Manjari<\/p>\n<p>[\/et_pb_text][\/et_pb_column][\/et_pb_row][et_pb_row _builder_version=&#8221;4.27.4&#8243; _module_preset=&#8221;default&#8221; global_colors_info=&#8221;{}&#8221;][et_pb_column type=&#8221;4_4&#8243; _builder_version=&#8221;4.27.4&#8243; _module_preset=&#8221;default&#8221; global_colors_info=&#8221;{}&#8221;][et_pb_text _builder_version=&#8221;4.27.4&#8243; _module_preset=&#8221;default&#8221; text_font=&#8221;Gayathri||||||||&#8221; text_text_color=&#8221;#633b00&#8243; text_font_size=&#8221;18px&#8221; text_letter_spacing=&#8221;2px&#8221; hover_enabled=&#8221;0&#8243; global_colors_info=&#8221;{}&#8221; sticky_enabled=&#8221;0&#8243;]<\/p>\n<p>A casa \u00e9 originalmente uma t\u00edpica casa de campo portuguesa com charme e foi dividida por n\u00f3s em duas unidades residenciais independentes -&gt; 1. casa Prema e 2a Casa Manjari.<br \/>Isto torna-a <span style=\"font-weight: 400;\">adequada para um ou dois indiv\u00edduos ou um casal.<\/span><\/p>\n<p>2 quartos, 1 cozinha-sala de estar, 1 casa de banho, 1 canto acolhedor, terra\u00e7o exterior com p\u00e9rgola e cadeiras.<br \/><span style=\"font-weight: 400;\">Todos os apartamentos est\u00e3o completamente mobilados com uma cozinha equipada e est\u00e3o ligados por caminhos pedonais!<br \/><\/span><\/p>\n<p><b>custo<\/b><b><br \/><\/b><b>mtl. 550,-\u20ac<\/b><\/p>\n<p><span style=\"font-weight: 400;\">Inclui internet (Starlink), eletricidade (sistema solar) e \u00e1gua de uma nascente natural<\/span><span style=\"font-weight: 400;\">.<br \/><\/span><span style=\"font-weight: 400;\">Podes partilhar o terra\u00e7o de ervas e as \u00e1rvores de fruto<\/span><span style=\"font-weight: 400;\">.<br \/><\/span><span style=\"font-weight: 400;\">Para estadias mais longas, podes cultivar o teu pr\u00f3prio pequeno jardim.<\/span><\/p>\n<p><span style=\"font-weight: 400;\">A lenha para o inverno tem de ser comprada.<br \/>Podes encontrar lenha na vizinhan\u00e7a.<\/span><\/p>\n<p><tmpopup style=\"top: 131px; left: 11px;\"><tmpopupcolor style=\"background: #dd99ff;\" id=\"tmpopupcolor--1\"><\/tmpopupcolor><tmpopupcolor style=\"background: #66bbff;\" id=\"tmpopupcolor--2\"><\/tmpopupcolor><tmpopupcolor style=\"background: #55ff55;\" id=\"tmpopupcolor--3\"><\/tmpopupcolor><tmpopupcolor style=\"background: #ff6666;\" id=\"tmpopupcolor--4\"><\/tmpopupcolor><tmpopupcolor style=\"background: #ffcc00;\" id=\"tmpopupcolor--5\"><\/tmpopupcolor><tmpopupcolor style=\"background: #ffee00;\" id=\"tmpopupcolor--m\"><\/tmpopupcolor><\/tmpopup><\/p>\n<p>[\/et_pb_text][\/et_pb_column][\/et_pb_row][et_pb_row column_structure=&#8221;1_3,1_3,1_3&#8243; _builder_version=&#8221;4.27.4&#8243; _module_preset=&#8221;default&#8221; global_colors_info=&#8221;{}&#8221;][et_pb_column type=&#8221;1_3&#8243; _builder_version=&#8221;4.27.4&#8243; _module_preset=&#8221;default&#8221; global_colors_info=&#8221;{}&#8221;][et_pb_image src=&#8221;https:\/\/young-authentic.com\/wp-content\/uploads\/2025\/04\/WhatsApp-Bild-2025-04-14-um-15.17.54_43337c69.jpg&#8221; title_text=&#8221;Imagem do WhatsApp 2025-04-14 \u00e0s 15.17.54_43337c69&#8243; _builder_version=&#8221;4.27.4&#8243; _module_preset=&#8221;default&#8221; global_colors_info=&#8221;{}&#8221;][\/et_pb_image][\/et_pb_column][et_pb_column type=&#8221;1_3&#8243; _builder_version=&#8221;4.27.4&#8243; _module_preset=&#8221;default&#8221; global_colors_info=&#8221;{}&#8221;][et_pb_image src=&#8221;https:\/\/young-authentic.com\/wp-content\/uploads\/2025\/04\/WhatsApp-Bild-2025-04-14-um-15.17.52_784bbf95.jpg&#8221; title_text=&#8221;Imagem do WhatsApp 2025-04-14 \u00e0s 15.17.52_784bbf95&#8243; _builder_version=&#8221;4.27.4&#8243; _module_preset=&#8221;default&#8221; global_colors_info=&#8221;{}&#8221;][\/et_pb_image][\/et_pb_column][et_pb_column type=&#8221;1_3&#8243; _builder_version=&#8221;4.27.4&#8243; _module_preset=&#8221;default&#8221; global_colors_info=&#8221;{}&#8221;][et_pb_image src=&#8221;https:\/\/young-authentic.com\/wp-content\/uploads\/2025\/04\/WhatsApp-Bild-2025-04-14-um-15.17.53_b1b19c67.jpg&#8221; title_text=&#8221;Imagem do WhatsApp 2025-04-14 \u00e0s 15.17.53_b1b19c67&#8243; _builder_version=&#8221;4.27.4&#8243; _module_preset=&#8221;default&#8221; global_colors_info=&#8221;{}&#8221;][\/et_pb_image][\/et_pb_column][\/et_pb_row][et_pb_row column_structure=&#8221;1_3,1_3,1_3&#8243; _builder_version=&#8221;4.27.4&#8243; _module_preset=&#8221;default&#8221; global_colors_info=&#8221;{}&#8221;][et_pb_column type=&#8221;1_3&#8243; _builder_version=&#8221;4.27.4&#8243; _module_preset=&#8221;default&#8221; global_colors_info=&#8221;{}&#8221;][et_pb_image src=&#8221;https:\/\/young-authentic.com\/wp-content\/uploads\/2025\/04\/WhatsApp-Bild-2025-04-14-um-15.17.44_1ec8a3d7.jpg&#8221; title_text=&#8221;Imagem do WhatsApp 2025-04-14 at 15.17.44_1ec8a3d7&#8243; _builder_version=&#8221;4.27.4&#8243; _module_preset=&#8221;default&#8221; global_colors_info=&#8221;{}&#8221;][\/et_pb_image][\/et_pb_column][et_pb_column type=&#8221;1_3&#8243; _builder_version=&#8221;4.27.4&#8243; _module_preset=&#8221;default&#8221; global_colors_info=&#8221;{}&#8221;][et_pb_video src=&#8221;https:\/\/young-authentic.com\/wp-content\/uploads\/2025\/04\/Design-ohne-Titel.mp4&#8243; _builder_version=&#8221;4.27.4&#8243; _module_preset=&#8221;default&#8221; global_colors_info=&#8221;{}&#8221;][\/et_pb_video][\/et_pb_column][et_pb_column type=&#8221;1_3&#8243; _builder_version=&#8221;4.27.4&#8243; _module_preset=&#8221;default&#8221; global_colors_info=&#8221;{}&#8221;][et_pb_image src=&#8221;https:\/\/young-authentic.com\/wp-content\/uploads\/2025\/04\/WhatsApp-Bild-2025-04-14-um-15.17.45_39fc5579.jpg&#8221; title_text=&#8221;Imagem do WhatsApp 2025-04-14 at 15.17.45_39fc5579&#8243; _builder_version=&#8221;4.27.4&#8243; _module_preset=&#8221;default&#8221; global_colors_info=&#8221;{}&#8221;][\/et_pb_image][\/et_pb_column][\/et_pb_row][\/et_pb_section]<\/p>\n","protected":false},"excerpt":{"rendered":"<p>Casa ManjariA casa \u00e9 originalmente uma t\u00edpica casa de campo portuguesa com charme e foi dividida por n\u00f3s em duas unidades residenciais independentes -&gt; 1. casa Prema e 2a Casa Manjari.Isto torna-a adequada para um ou dois indiv\u00edduos ou um casal. 2 quartos, 1 cozinha-sala de estar, 1 casa de banho, 1 canto acolhedor, terra\u00e7o [&hellip;]<\/p>\n","protected":false},"author":1,"featured_media":0,"parent":0,"menu_order":0,"comment_status":"closed","ping_status":"closed","template":"","meta":{"_et_pb_use_builder":"on","_et_pb_old_content":"","_et_gb_content_width":"","footnotes":""},"class_list":["post-3837","page","type-page","status-publish","hentry"],"_links":{"self":[{"href":"https:\/\/young-authentic.com\/pt-pt\/wp-json\/wp\/v2\/pages\/3837","targetHints":{"allow":["GET"]}}],"collection":[{"href":"https:\/\/young-authentic.com\/pt-pt\/wp-json\/wp\/v2\/pages"}],"about":[{"href":"https:\/\/young-authentic.com\/pt-pt\/wp-json\/wp\/v2\/types\/page"}],"author":[{"embeddable":true,"href":"https:\/\/young-authentic.com\/pt-pt\/wp-json\/wp\/v2\/users\/1"}],"replies":[{"embeddable":true,"href":"https:\/\/young-authentic.com\/pt-pt\/wp-json\/wp\/v2\/comments?post=3837"}],"version-history":[{"count":8,"href":"https:\/\/young-authentic.com\/pt-pt\/wp-json\/wp\/v2\/pages\/3837\/revisions"}],"predecessor-version":[{"id":4678,"href":"https:\/\/young-authentic.com\/pt-pt\/wp-json\/wp\/v2\/pages\/3837\/revisions\/4678"}],"wp:attachment":[{"href":"https:\/\/young-authentic.com\/pt-pt\/wp-json\/wp\/v2\/media?parent=3837"}],"curies":[{"name":"wp","href":"https:\/\/api.w.org\/{rel}","templated":true}]}}