{"id":3840,"date":"2025-04-15T18:35:50","date_gmt":"2025-04-15T18:35:50","guid":{"rendered":"https:\/\/young-authentic.com\/casa-prema\/"},"modified":"2025-04-20T13:48:46","modified_gmt":"2025-04-20T13:48:46","slug":"casa-prema","status":"publish","type":"page","link":"https:\/\/young-authentic.com\/pt-pt\/casa-prema\/","title":{"rendered":"Casa Prema"},"content":{"rendered":"<p>[et_pb_section fb_built=&#8221;1&#8243; _builder_version=&#8221;4.27.4&#8243; _module_preset=&#8221;default&#8221; background_color=&#8221;rgba(224,159,17,0.24)&#8221; global_colors_info=&#8221;{}&#8221;][et_pb_row custom_padding_last_edited=&#8221;on|desktop&#8221; _builder_version=&#8221;4.16&#8243; custom_padding=&#8221;||0px||false|false&#8221; custom_padding_tablet=&#8221;0px||0px||true|false&#8221; custom_padding_phone=&#8221;0px||0px||true|false&#8221; global_colors_info=&#8221;{}&#8221;][et_pb_column type=&#8221;4_4&#8243; _builder_version=&#8221;4.16&#8243; global_colors_info=&#8221;{}&#8221;][et_pb_text _builder_version=&#8221;4.27.4&#8243; text_font=&#8221;Gayathri|700|||||||&#8221; text_text_color=&#8221;rgba(0,132,155,0.82)&#8221; text_font_size=&#8221;28px&#8221; text_letter_spacing=&#8221;2px&#8221; global_colors_info=&#8221;{}&#8221;]<\/p>\n<p>Casa Prema<\/p>\n<p>[\/et_pb_text][\/et_pb_column][\/et_pb_row][et_pb_row _builder_version=&#8221;4.27.4&#8243; _module_preset=&#8221;default&#8221; global_colors_info=&#8221;{}&#8221;][et_pb_column type=&#8221;4_4&#8243; _builder_version=&#8221;4.27.4&#8243; _module_preset=&#8221;default&#8221; global_colors_info=&#8221;{}&#8221;][et_pb_text _builder_version=&#8221;4.27.4&#8243; _module_preset=&#8221;default&#8221; text_font=&#8221;Gayathri||||||||&#8221; text_text_color=&#8221;#633b00&#8243; text_font_size=&#8221;18px&#8221; text_letter_spacing=&#8221;2px&#8221; hover_enabled=&#8221;0&#8243; global_colors_info=&#8221;{}&#8221; sticky_enabled=&#8221;0&#8243;]<\/p>\n<p>A casa \u00e9 originalmente uma t\u00edpica casa de campo portuguesa com charme e foi dividida por n\u00f3s em duas unidades residenciais independentes -&gt; 1. casa Prema e Casa 2 Manjari.<br \/>\u00c9 portanto <span style=\"font-weight: 400;\">adequado para uma pessoa solteira ou para um casal no m\u00e1ximo.<\/span><\/p>\n<p>Um grande est\u00fadio com cerca de 28 m2 (sala de estar\/quarto), a espa\u00e7osa cozinha exterior est\u00e1 localizada 1 m em frente ao est\u00fadio,<br \/>a casa de banho exterior est\u00e1 localizada 1 m em frente \u00e0 cozinha exterior, grande terra\u00e7o com mobili\u00e1rio de jardim e \u00e1rea de jardim.<span style=\"font-weight: 400;\"><br \/>Todos os apartamentos est\u00e3o totalmente mobilados com cozinha equipada e est\u00e3o ligados por caminhos pedonais!<br \/><\/span><span style=\"font-weight: 400;\"><br \/><\/span><b>custo<\/b><b><br \/><\/b><b>mtl. 480,-\u20ac<\/b><b><br \/><\/b><b><br \/><\/b><span style=\"font-weight: 400;\">Inclui internet (Starlink), eletricidade (sistema solar) e \u00e1gua de uma nascente natural<\/span><span style=\"font-weight: 400;\">.<br \/><\/span><span style=\"font-weight: 400;\">Podes partilhar o jardim de ervas arom\u00e1ticas e as \u00e1rvores de fruto<\/span><span style=\"font-weight: 400;\">.<br \/><\/span><span style=\"font-weight: 400;\">Para estadias mais longas, podes cultivar o teu pr\u00f3prio pequeno jardim.<\/span><\/p>\n<p><span style=\"font-weight: 400;\"><\/span><span style=\"font-weight: 400;\">A lenha para o inverno tem de ser comprada.<br \/>Podes encontrar lenha na vizinhan\u00e7a.<br \/><\/span><span style=\"font-weight: 400;\"><\/span><\/p>\n<p>[\/et_pb_text][\/et_pb_column][\/et_pb_row][et_pb_row column_structure=&#8221;1_3,1_3,1_3&#8243; _builder_version=&#8221;4.27.4&#8243; _module_preset=&#8221;default&#8221; global_colors_info=&#8221;{}&#8221;][et_pb_column type=&#8221;1_3&#8243; _builder_version=&#8221;4.27.4&#8243; _module_preset=&#8221;default&#8221; global_colors_info=&#8221;{}&#8221;][et_pb_image src=&#8221;https:\/\/young-authentic.com\/wp-content\/uploads\/2025\/04\/WhatsApp-Bild-2025-04-14-um-15.16.49_23c25b9d.jpg&#8221; title_text=&#8221;Imagem do WhatsApp 2025-04-14 \u00e0s 15.16.49_23c25b9d&#8221; _builder_version=&#8221;4.27.4&#8243; _module_preset=&#8221;default&#8221; global_colors_info=&#8221;{}&#8221;][\/et_pb_image][\/et_pb_column][et_pb_column type=&#8221;1_3&#8243; _builder_version=&#8221;4.27.4&#8243; _module_preset=&#8221;default&#8221; global_colors_info=&#8221;{}&#8221;][et_pb_image src=&#8221;https:\/\/young-authentic.com\/wp-content\/uploads\/2025\/04\/WhatsApp-Bild-2025-04-14-um-15.16.48_40608574.jpg&#8221; title_text=&#8221;Imagem do WhatsApp 2025-04-14 \u00e0s 15.16.48_40608574&#8243; _builder_version=&#8221;4.27.4&#8243; _module_preset=&#8221;default&#8221; global_colors_info=&#8221;{}&#8221;][\/et_pb_image][\/et_pb_column][et_pb_column type=&#8221;1_3&#8243; _builder_version=&#8221;4.27.4&#8243; _module_preset=&#8221;default&#8221; global_colors_info=&#8221;{}&#8221;][et_pb_image src=&#8221;https:\/\/young-authentic.com\/wp-content\/uploads\/2025\/04\/WhatsApp-Bild-2025-04-14-um-15.16.48_67248173.jpg&#8221; title_text=&#8221;Imagem do WhatsApp 2025-04-14 \u00e0s 15.16.48_67248173&#8243; _builder_version=&#8221;4.27.4&#8243; _module_preset=&#8221;default&#8221; global_colors_info=&#8221;{}&#8221;][\/et_pb_image][\/et_pb_column][\/et_pb_row][et_pb_row column_structure=&#8221;1_3,1_3,1_3&#8243; _builder_version=&#8221;4.27.4&#8243; _module_preset=&#8221;default&#8221; global_colors_info=&#8221;{}&#8221;][et_pb_column type=&#8221;1_3&#8243; _builder_version=&#8221;4.27.4&#8243; _module_preset=&#8221;default&#8221; global_colors_info=&#8221;{}&#8221;][et_pb_image src=&#8221;https:\/\/young-authentic.com\/wp-content\/uploads\/2025\/04\/WhatsApp-Bild-2025-04-14-um-15.16.47_631b3b55.jpg&#8221; title_text=&#8221;Imagem do WhatsApp 2025-04-14 \u00e0s 15.16.47_631b3b55&#8243; _builder_version=&#8221;4.27.4&#8243; _module_preset=&#8221;default&#8221; global_colors_info=&#8221;{}&#8221;][\/et_pb_image][\/et_pb_column][et_pb_column type=&#8221;1_3&#8243; _builder_version=&#8221;4.27.4&#8243; _module_preset=&#8221;default&#8221; global_colors_info=&#8221;{}&#8221;][et_pb_image src=&#8221;https:\/\/young-authentic.com\/wp-content\/uploads\/2025\/04\/efd542de-92f9-48bc-946f-610a3d806b6a.jpg&#8221; title_text=&#8221;efd542de-92f9-48bc-946f-610a3d806b6a&#8221; _builder_version=&#8221;4.27.4&#8243; _module_preset=&#8221;default&#8221; global_colors_info=&#8221;{}&#8221;][\/et_pb_image][\/et_pb_column][et_pb_column type=&#8221;1_3&#8243; _builder_version=&#8221;4.27.4&#8243; _module_preset=&#8221;default&#8221; global_colors_info=&#8221;{}&#8221;][et_pb_image src=&#8221;https:\/\/young-authentic.com\/wp-content\/uploads\/2025\/04\/WhatsApp-Bild-2025-04-14-um-15.31.28_2f4a02d5.jpg&#8221; title_text=&#8221;Imagem do WhatsApp 2025-04-14 \u00e0s 15.31.28_2f4a02d5&#8243; _builder_version=&#8221;4.27.4&#8243; _module_preset=&#8221;default&#8221; global_colors_info=&#8221;{}&#8221;][\/et_pb_image][\/et_pb_column][\/et_pb_row][et_pb_row column_structure=&#8221;1_3,1_3,1_3&#8243; _builder_version=&#8221;4.27.4&#8243; _module_preset=&#8221;default&#8221; custom_margin=&#8221;-42px||||false|false&#8221; global_colors_info=&#8221;{}&#8221;][et_pb_column type=&#8221;1_3&#8243; _builder_version=&#8221;4.27.4&#8243; _module_preset=&#8221;default&#8221; global_colors_info=&#8221;{}&#8221;][et_pb_image src=&#8221;https:\/\/young-authentic.com\/wp-content\/uploads\/2025\/04\/WhatsApp-Bild-2025-04-14-um-16.03.56_2a87f37e.jpg&#8221; title_text=&#8221;Imagem do WhatsApp 2025-04-14 \u00e0s 16.03.56_2a87f37e&#8221; _builder_version=&#8221;4.27.4&#8243; _module_preset=&#8221;default&#8221; global_colors_info=&#8221;{}&#8221;][\/et_pb_image][\/et_pb_column][et_pb_column type=&#8221;1_3&#8243; _builder_version=&#8221;4.27.4&#8243; _module_preset=&#8221;default&#8221; global_colors_info=&#8221;{}&#8221;][et_pb_image src=&#8221;https:\/\/young-authentic.com\/wp-content\/uploads\/2025\/04\/WhatsApp-Bild-2025-04-14-um-15.16.50_4796f95f.jpg&#8221; title_text=&#8221;Imagem do WhatsApp 2025-04-14 \u00e0s 15.16.50_4796f95f&#8221; _builder_version=&#8221;4.27.4&#8243; _module_preset=&#8221;default&#8221; global_colors_info=&#8221;{}&#8221;][\/et_pb_image][\/et_pb_column][et_pb_column type=&#8221;1_3&#8243; _builder_version=&#8221;4.27.4&#8243; _module_preset=&#8221;default&#8221; global_colors_info=&#8221;{}&#8221;][\/et_pb_column][\/et_pb_row][\/et_pb_section]<\/p>\n","protected":false},"excerpt":{"rendered":"<p>Casa PremaA casa \u00e9 originalmente uma t\u00edpica casa de campo portuguesa com charme e foi dividida por n\u00f3s em duas unidades residenciais independentes -&gt; 1. casa Prema e Casa 2 Manjari.\u00c9 portanto adequado para uma pessoa solteira ou para um casal no m\u00e1ximo. Um grande est\u00fadio com cerca de 28 m2 (sala de estar\/quarto), a [&hellip;]<\/p>\n","protected":false},"author":1,"featured_media":0,"parent":0,"menu_order":0,"comment_status":"closed","ping_status":"closed","template":"","meta":{"_et_pb_use_builder":"on","_et_pb_old_content":"","_et_gb_content_width":"","footnotes":""},"class_list":["post-3840","page","type-page","status-publish","hentry"],"_links":{"self":[{"href":"https:\/\/young-authentic.com\/pt-pt\/wp-json\/wp\/v2\/pages\/3840","targetHints":{"allow":["GET"]}}],"collection":[{"href":"https:\/\/young-authentic.com\/pt-pt\/wp-json\/wp\/v2\/pages"}],"about":[{"href":"https:\/\/young-authentic.com\/pt-pt\/wp-json\/wp\/v2\/types\/page"}],"author":[{"embeddable":true,"href":"https:\/\/young-authentic.com\/pt-pt\/wp-json\/wp\/v2\/users\/1"}],"replies":[{"embeddable":true,"href":"https:\/\/young-authentic.com\/pt-pt\/wp-json\/wp\/v2\/comments?post=3840"}],"version-history":[{"count":10,"href":"https:\/\/young-authentic.com\/pt-pt\/wp-json\/wp\/v2\/pages\/3840\/revisions"}],"predecessor-version":[{"id":4680,"href":"https:\/\/young-authentic.com\/pt-pt\/wp-json\/wp\/v2\/pages\/3840\/revisions\/4680"}],"wp:attachment":[{"href":"https:\/\/young-authentic.com\/pt-pt\/wp-json\/wp\/v2\/media?parent=3840"}],"curies":[{"name":"wp","href":"https:\/\/api.w.org\/{rel}","templated":true}]}}