{"id":3848,"date":"2025-04-15T18:36:42","date_gmt":"2025-04-15T18:36:42","guid":{"rendered":"https:\/\/young-authentic.com\/vale-de-raman\/"},"modified":"2025-04-20T13:50:14","modified_gmt":"2025-04-20T13:50:14","slug":"vale-de-raman","status":"publish","type":"page","link":"https:\/\/young-authentic.com\/pt-pt\/vale-de-raman\/","title":{"rendered":"Vale de Raman"},"content":{"rendered":"<p>[et_pb_section fb_built=&#8221;1&#8243; _builder_version=&#8221;4.27.4&#8243; _module_preset=&#8221;default&#8221; background_color=&#8221;rgba(224,159,17,0.24)&#8221; global_colors_info=&#8221;{}&#8221;][et_pb_row custom_padding_last_edited=&#8221;on|desktop&#8221; _builder_version=&#8221;4.16&#8243; custom_padding=&#8221;||0px||false|false&#8221; custom_padding_tablet=&#8221;0px||0px||true|false&#8221; custom_padding_phone=&#8221;0px||0px||true|false&#8221; global_colors_info=&#8221;{}&#8221;][et_pb_column type=&#8221;4_4&#8243; _builder_version=&#8221;4.16&#8243; global_colors_info=&#8221;{}&#8221;][et_pb_text _builder_version=&#8221;4.27.4&#8243; text_font=&#8221;Gayathri|700|||||||&#8221; text_text_color=&#8221;rgba(0,132,155,0.82)&#8221; text_font_size=&#8221;28px&#8221; text_letter_spacing=&#8221;2px&#8221; global_colors_info=&#8221;{}&#8221;]<\/p>\n<p>Vale de Raman<\/p>\n<p>[\/et_pb_text][\/et_pb_column][\/et_pb_row][et_pb_row _builder_version=&#8221;4.27.4&#8243; _module_preset=&#8221;default&#8221; global_colors_info=&#8221;{}&#8221;][et_pb_column type=&#8221;4_4&#8243; _builder_version=&#8221;4.27.4&#8243; _module_preset=&#8221;default&#8221; global_colors_info=&#8221;{}&#8221;][et_pb_text _builder_version=&#8221;4.27.4&#8243; _module_preset=&#8221;default&#8221; text_font=&#8221;Gayathri||||||||&#8221; text_text_color=&#8221;#633b00&#8243; text_font_size=&#8221;18px&#8221; text_letter_spacing=&#8221;2px&#8221; global_colors_info=&#8221;{}&#8221;]<\/p>\n<p><span style=\"font-weight: 400;\">O vale de Raman situa-se na metade superior de um vale,  <\/span><span style=\"font-weight: 400;\"><\/span><span style=\"font-weight: 400;\">Fica a 12 km de Aljezur e a 5 km de Marmelete.<\/span><span style=\"font-weight: 400;\"><br \/><\/span><span style=\"font-weight: 400;\">Este lugar \u00e9 um pequeno o\u00e1sis no meio da natureza intocada.<\/span><span style=\"font-weight: 400;\"><br \/><\/span><span style=\"font-weight: 400;\">V\u00e1rias \u00e1rvores de fruto, bem como cerca de 25 laranjeiras e limoeiros em v\u00e1rios terra\u00e7os,<br \/>est\u00e3o \u00e0 espera de serem utilizados por ti.<\/span><span style=\"font-weight: 400;\"><br \/><\/span><span style=\"font-weight: 400;\">Apesar dos invernos com pouca chuva nos \u00faltimos anos, conseguimos obter \u00e1gua suficiente da nossa nascente.<\/span><span style=\"font-weight: 400;\"><br \/><\/span><span style=\"font-weight: 400;\">Esta fonte remonta ao tempo dos mouros.<\/span><\/p>\n<p><span style=\"font-weight: 400;\">Encontra uma \u00e1rea de yoga\/medita\u00e7\u00e3o no jardim, <br \/><\/span><span style=\"font-weight: 400;\"><\/span><span style=\"font-weight: 400;\">que pode ser utilizado de v\u00e1rias formas.<\/span><\/p>\n<p>[\/et_pb_text][\/et_pb_column][\/et_pb_row][et_pb_row column_structure=&#8221;1_2,1_2&#8243; _builder_version=&#8221;4.27.4&#8243; _module_preset=&#8221;default&#8221; custom_margin=&#8221;-28px||||false|false&#8221; global_colors_info=&#8221;{}&#8221;][et_pb_column type=&#8221;1_2&#8243; _builder_version=&#8221;4.27.4&#8243; _module_preset=&#8221;default&#8221; global_colors_info=&#8221;{}&#8221;][et_pb_text _builder_version=&#8221;4.27.4&#8243; _module_preset=&#8221;default&#8221; text_font=&#8221;Gayathri||||||||&#8221; text_text_color=&#8221;#633b00&#8243; text_font_size=&#8221;18px&#8221; text_letter_spacing=&#8221;2px&#8221; global_colors_info=&#8221;{}&#8221;]<\/p>\n<p>Aqui podes encontrar mais informa\u00e7\u00f5es sobre toda a instala\u00e7\u00e3o:<\/p>\n<p>[\/et_pb_text][\/et_pb_column][et_pb_column type=&#8221;1_2&#8243; _builder_version=&#8221;4.27.4&#8243; _module_preset=&#8221;default&#8221; global_colors_info=&#8221;{}&#8221;][et_pb_button button_url=&#8221;https:\/\/young-authentic.com\/pt-pt\/complexo-residencial\/&#8221; url_new_window=&#8221;on&#8221; button_text=&#8221;Complexo residencial&#8221; button_alignment=&#8221;left&#8221; _builder_version=&#8221;4.27.4&#8243; custom_button=&#8221;on&#8221; button_text_color=&#8221;rgba(0,132,155,0.82)&#8221; button_border_width=&#8221;2px&#8221; custom_margin=&#8221;-11px||||false|false&#8221; custom_padding=&#8221;0px||0px||true|false&#8221; hover_enabled=&#8221;0&#8243; global_colors_info=&#8221;{}&#8221; button_text_size=&#8221;18px&#8221; sticky_enabled=&#8221;0&#8243;][\/et_pb_button][\/et_pb_column][\/et_pb_row][et_pb_row column_structure=&#8221;1_3,1_3,1_3&#8243; _builder_version=&#8221;4.27.4&#8243; _module_preset=&#8221;default&#8221; global_colors_info=&#8221;{}&#8221;][et_pb_column type=&#8221;1_3&#8243; _builder_version=&#8221;4.27.4&#8243; _module_preset=&#8221;default&#8221; global_colors_info=&#8221;{}&#8221;][et_pb_image src=&#8221;https:\/\/young-authentic.com\/wp-content\/uploads\/2025\/04\/WhatsApp-Bild-2025-04-14-um-18.12.30_6a4a2823.jpg&#8221; title_text=&#8221;Imagem do WhatsApp 2025-04-14 \u00e0s 18.12.30_6a4a2823&#8243; _builder_version=&#8221;4.27.4&#8243; _module_preset=&#8221;default&#8221; global_colors_info=&#8221;{}&#8221;][\/et_pb_image][\/et_pb_column][et_pb_column type=&#8221;1_3&#8243; _builder_version=&#8221;4.27.4&#8243; _module_preset=&#8221;default&#8221; global_colors_info=&#8221;{}&#8221;][et_pb_image src=&#8221;https:\/\/young-authentic.com\/wp-content\/uploads\/2025\/04\/WhatsApp-Bild-2025-04-14-um-18.13.24_a8821cd6.jpg&#8221; title_text=&#8221;Imagem do WhatsApp 2025-04-14 \u00e0s 18.13.24_a8821cd6&#8243; _builder_version=&#8221;4.27.4&#8243; _module_preset=&#8221;default&#8221; global_colors_info=&#8221;{}&#8221;][\/et_pb_image][\/et_pb_column][et_pb_column type=&#8221;1_3&#8243; _builder_version=&#8221;4.27.4&#8243; _module_preset=&#8221;default&#8221; global_colors_info=&#8221;{}&#8221;][et_pb_image src=&#8221;https:\/\/young-authentic.com\/wp-content\/uploads\/2025\/04\/WhatsApp-Bild-2025-04-14-um-18.13.44_d52e23df.jpg&#8221; title_text=&#8221;Imagem do WhatsApp 2025-04-14 \u00e0s 18.13.44_d52e23df&#8221; _builder_version=&#8221;4.27.4&#8243; _module_preset=&#8221;default&#8221; global_colors_info=&#8221;{}&#8221;][\/et_pb_image][\/et_pb_column][\/et_pb_row][et_pb_row column_structure=&#8221;1_3,1_3,1_3&#8243; _builder_version=&#8221;4.27.4&#8243; _module_preset=&#8221;default&#8221; global_colors_info=&#8221;{}&#8221;][et_pb_column type=&#8221;1_3&#8243; _builder_version=&#8221;4.27.4&#8243; _module_preset=&#8221;default&#8221; global_colors_info=&#8221;{}&#8221;][et_pb_image src=&#8221;https:\/\/young-authentic.com\/wp-content\/uploads\/2025\/04\/WhatsApp-Bild-2025-04-14-um-18.16.22_66c0e888.jpg&#8221; title_text=&#8221;Imagem do WhatsApp 2025-04-14 \u00e0s 18.16.22_66c0e888&#8243; _builder_version=&#8221;4.27.4&#8243; _module_preset=&#8221;default&#8221; global_colors_info=&#8221;{}&#8221;][\/et_pb_image][\/et_pb_column][et_pb_column type=&#8221;1_3&#8243; _builder_version=&#8221;4.27.4&#8243; _module_preset=&#8221;default&#8221; global_colors_info=&#8221;{}&#8221;][et_pb_image src=&#8221;https:\/\/young-authentic.com\/wp-content\/uploads\/2025\/04\/WhatsApp-Bild-2025-04-14-um-18.14.03_0a55db32.jpg&#8221; title_text=&#8221;Imagem do WhatsApp 2025-04-14 \u00e0s 18.14.03_0a55db32&#8243; _builder_version=&#8221;4.27.4&#8243; _module_preset=&#8221;default&#8221; global_colors_info=&#8221;{}&#8221;][\/et_pb_image][\/et_pb_column][et_pb_column type=&#8221;1_3&#8243; _builder_version=&#8221;4.27.4&#8243; _module_preset=&#8221;default&#8221; global_colors_info=&#8221;{}&#8221;][et_pb_image src=&#8221;https:\/\/young-authentic.com\/wp-content\/uploads\/2025\/04\/WhatsApp-Bild-2025-04-14-um-18.17.00_9cb7f443.jpg&#8221; title_text=&#8221;Imagem do WhatsApp 2025-04-14 \u00e0s 18.17.00_9cb7f443&#8243; _builder_version=&#8221;4.27.4&#8243; _module_preset=&#8221;default&#8221; global_colors_info=&#8221;{}&#8221;][\/et_pb_image][\/et_pb_column][\/et_pb_row][et_pb_row column_structure=&#8221;1_2,1_2&#8243; _builder_version=&#8221;4.27.4&#8243; _module_preset=&#8221;default&#8221; global_colors_info=&#8221;{}&#8221;][et_pb_column type=&#8221;1_2&#8243; _builder_version=&#8221;4.27.4&#8243; _module_preset=&#8221;default&#8221; global_colors_info=&#8221;{}&#8221;][et_pb_image src=&#8221;https:\/\/young-authentic.com\/wp-content\/uploads\/2025\/04\/WhatsApp-Bild-2025-04-14-um-18.03.14_9aa3b792.jpg&#8221; title_text=&#8221;Imagem do WhatsApp 2025-04-14 \u00e0s 18.03.14_9aa3b792&#8243; _builder_version=&#8221;4.27.4&#8243; _module_preset=&#8221;default&#8221; global_colors_info=&#8221;{}&#8221;][\/et_pb_image][\/et_pb_column][et_pb_column type=&#8221;1_2&#8243; _builder_version=&#8221;4.27.4&#8243; _module_preset=&#8221;default&#8221; global_colors_info=&#8221;{}&#8221;][et_pb_image src=&#8221;https:\/\/young-authentic.com\/wp-content\/uploads\/2025\/04\/WhatsApp-Bild-2025-04-14-um-18.16.42_1b4ae465.jpg&#8221; title_text=&#8221;Imagem do WhatsApp 2025-04-14 \u00e0s 18.16.42_1b4ae465&#8243; _builder_version=&#8221;4.27.4&#8243; _module_preset=&#8221;default&#8221; global_colors_info=&#8221;{}&#8221;][\/et_pb_image][\/et_pb_column][\/et_pb_row][\/et_pb_section]<\/p>\n","protected":false},"excerpt":{"rendered":"<p>Vale de RamanO vale de Raman situa-se na metade superior de um vale, Fica a 12 km de Aljezur e a 5 km de Marmelete.Este lugar \u00e9 um pequeno o\u00e1sis no meio da natureza intocada.V\u00e1rias \u00e1rvores de fruto, bem como cerca de 25 laranjeiras e limoeiros em v\u00e1rios terra\u00e7os,est\u00e3o \u00e0 espera de serem utilizados por [&hellip;]<\/p>\n","protected":false},"author":1,"featured_media":0,"parent":0,"menu_order":0,"comment_status":"closed","ping_status":"closed","template":"","meta":{"_et_pb_use_builder":"on","_et_pb_old_content":"","_et_gb_content_width":"","footnotes":""},"class_list":["post-3848","page","type-page","status-publish","hentry"],"_links":{"self":[{"href":"https:\/\/young-authentic.com\/pt-pt\/wp-json\/wp\/v2\/pages\/3848","targetHints":{"allow":["GET"]}}],"collection":[{"href":"https:\/\/young-authentic.com\/pt-pt\/wp-json\/wp\/v2\/pages"}],"about":[{"href":"https:\/\/young-authentic.com\/pt-pt\/wp-json\/wp\/v2\/types\/page"}],"author":[{"embeddable":true,"href":"https:\/\/young-authentic.com\/pt-pt\/wp-json\/wp\/v2\/users\/1"}],"replies":[{"embeddable":true,"href":"https:\/\/young-authentic.com\/pt-pt\/wp-json\/wp\/v2\/comments?post=3848"}],"version-history":[{"count":10,"href":"https:\/\/young-authentic.com\/pt-pt\/wp-json\/wp\/v2\/pages\/3848\/revisions"}],"predecessor-version":[{"id":4690,"href":"https:\/\/young-authentic.com\/pt-pt\/wp-json\/wp\/v2\/pages\/3848\/revisions\/4690"}],"wp:attachment":[{"href":"https:\/\/young-authentic.com\/pt-pt\/wp-json\/wp\/v2\/media?parent=3848"}],"curies":[{"name":"wp","href":"https:\/\/api.w.org\/{rel}","templated":true}]}}