{"id":3851,"date":"2025-04-15T18:36:59","date_gmt":"2025-04-15T18:36:59","guid":{"rendered":"https:\/\/young-authentic.com\/lanca-o-vrinda\/"},"modified":"2025-04-20T13:50:29","modified_gmt":"2025-04-20T13:50:29","slug":"lanca-o-vrinda","status":"publish","type":"page","link":"https:\/\/young-authentic.com\/pt-pt\/lanca-o-vrinda\/","title":{"rendered":"Lan\u00e7a o Vrinda"},"content":{"rendered":"<p>[et_pb_section fb_built=&#8221;1&#8243; _builder_version=&#8221;4.27.4&#8243; _module_preset=&#8221;default&#8221; background_color=&#8221;rgba(224,159,17,0.24)&#8221; global_colors_info=&#8221;{}&#8221;][et_pb_row custom_padding_last_edited=&#8221;on|desktop&#8221; _builder_version=&#8221;4.16&#8243; custom_padding=&#8221;||0px||false|false&#8221; custom_padding_tablet=&#8221;0px||0px||true|false&#8221; custom_padding_phone=&#8221;0px||0px||true|false&#8221; global_colors_info=&#8221;{}&#8221;][et_pb_column type=&#8221;4_4&#8243; _builder_version=&#8221;4.16&#8243; global_colors_info=&#8221;{}&#8221;][et_pb_text _builder_version=&#8221;4.27.4&#8243; text_font=&#8221;Gayathri|700|||||||&#8221; text_text_color=&#8221;rgba(0,132,155,0.82)&#8221; text_font_size=&#8221;28px&#8221; text_letter_spacing=&#8221;2px&#8221; global_colors_info=&#8221;{}&#8221;]<\/p>\n<p>Lan\u00e7a o Vrinda<\/p>\n<p>[\/et_pb_text][\/et_pb_column][\/et_pb_row][et_pb_row _builder_version=&#8221;4.27.4&#8243; _module_preset=&#8221;default&#8221; global_colors_info=&#8221;{}&#8221;][et_pb_column type=&#8221;4_4&#8243; _builder_version=&#8221;4.27.4&#8243; _module_preset=&#8221;default&#8221; global_colors_info=&#8221;{}&#8221;][et_pb_text _builder_version=&#8221;4.27.4&#8243; _module_preset=&#8221;default&#8221; text_font=&#8221;Gayathri||||||||&#8221; text_text_color=&#8221;#633b00&#8243; text_font_size=&#8221;18px&#8221; text_letter_spacing=&#8221;2px&#8221; global_colors_info=&#8221;{}&#8221;]<\/p>\n<p><b><span style=\"font-weight: 400;\">No caminho principal para a casa est\u00e1 o nosso lugar de estacionamento para uma carrinha, rodeado pelo nosso pr\u00f3prio jardim com flores, ervas, rosas, arbustos e uma ilha de bananas.<\/span><span style=\"font-weight: 400;\"><br \/><\/span><\/b><\/p>\n<p><b><span style=\"font-weight: 400;\">Todas as unidades residenciais est\u00e3o ligadas por caminhos pedonais!<\/span><\/b><span style=\"font-weight: 400;\"><\/span><\/p>\n<p>Bom espa\u00e7o de estacionamento para a carrinha no meio do jardim, perto da entrada privada.<br \/><span style=\"font-weight: 400;\"><\/span><span style=\"font-weight: 400;\">\u00c1rea exterior, zona de duche, sanita de compostagem, pequeno terra\u00e7o e conjunto de assentos.<br \/>Utiliza\u00e7\u00e3o partilhada da grande \u00e1rea de ioga, mediante acordo.<\/span><\/p>\n<p><span style=\"font-weight: 400;\">Inclui acesso \u00e0 Internet, eletricidade (sistema solar) e \u00e1gua de uma nascente natural<\/span><span style=\"font-weight: 400;\">.<br \/><\/span><span style=\"font-weight: 400;\">\u00c9 poss\u00edvel a utiliza\u00e7\u00e3o partilhada do terra\u00e7o com ervas e \u00e1rvores de fruto<\/span><span style=\"font-weight: 400;\">.<br \/><\/span><span style=\"font-weight: 400;\">Para estadias mais longas, podes cultivar o teu pr\u00f3prio pequeno jardim.<\/span><\/p>\n<p><span style=\"font-weight: 400;\">Encontra lenha dispon\u00edvel na vizinhan\u00e7a.<\/span><span style=\"font-weight: 400;\"><br \/><\/span><span style=\"font-weight: 400;\">A lenha para o inverno deve ser comprada.<br \/><\/span><span style=\"font-weight: 400;\"><\/span><span style=\"font-weight: 400;\"><br \/><\/span><b>custo<\/b><b><br \/><\/b><span style=\"font-weight: 400;\">de 1 a 4 semanas -&gt; 10,- \u20ac\/dia<\/span><span style=\"font-weight: 400;\"><br \/><\/span><span style=\"font-weight: 400;\">de 1 a 2 meses -&gt; 7,- \u20ac\/dia<\/span><span style=\"font-weight: 400;\"><br \/><\/span><span style=\"font-weight: 400;\">a partir de 2 meses<\/span> <span style=\"font-weight: 400;\">mensal -&gt; 150,- \u20ac<\/span><span style=\"font-weight: 400;\"><br \/><\/span><span style=\"font-weight: 400;\">Taxa de limpeza final do campo 60,-\u20ac<\/span><span style=\"font-weight: 400;\"><\/span><\/p>\n<p><tmpopup style=\"top: 152px; left: 225.717px;\"><tmpopupcolor style=\"background: #dd99ff;\" id=\"tmpopupcolor--1\"><\/tmpopupcolor><tmpopupcolor style=\"background: #66bbff;\" id=\"tmpopupcolor--2\"><\/tmpopupcolor><tmpopupcolor style=\"background: #55ff55;\" id=\"tmpopupcolor--3\"><\/tmpopupcolor><tmpopupcolor style=\"background: #ff6666;\" id=\"tmpopupcolor--4\"><\/tmpopupcolor><tmpopupcolor style=\"background: #ffcc00;\" id=\"tmpopupcolor--5\"><\/tmpopupcolor><tmpopupcolor style=\"background: #ffee00;\" id=\"tmpopupcolor--m\"><\/tmpopupcolor><\/tmpopup><\/p>\n<p>[\/et_pb_text][\/et_pb_column][\/et_pb_row][et_pb_row column_structure=&#8221;1_2,1_2&#8243; _builder_version=&#8221;4.27.4&#8243; _module_preset=&#8221;default&#8221; custom_margin=&#8221;-44px||||false|false&#8221; global_colors_info=&#8221;{}&#8221;][et_pb_column type=&#8221;1_2&#8243; _builder_version=&#8221;4.27.4&#8243; _module_preset=&#8221;default&#8221; global_colors_info=&#8221;{}&#8221;][et_pb_text _builder_version=&#8221;4.27.4&#8243; _module_preset=&#8221;default&#8221; text_font=&#8221;Gayathri||||||||&#8221; text_text_color=&#8221;rgba(0,132,155,0.82)&#8221; text_font_size=&#8221;18px&#8221; text_letter_spacing=&#8221;2px&#8221; custom_margin=&#8221;0px||||false|false&#8221; global_colors_info=&#8221;{}&#8221;]<\/p>\n<p><span style=\"color: rgba(0, 132, 155, 0.82);\">Podes usar o campo como um local de trabalho.<\/span><\/p>\n<p>[\/et_pb_text][\/et_pb_column][et_pb_column type=&#8221;1_2&#8243; _builder_version=&#8221;4.27.4&#8243; _module_preset=&#8221;default&#8221; global_colors_info=&#8221;{}&#8221;][et_pb_button button_url=&#8221;https:\/\/young-authentic.com\/pt-pt\/trabalha-fora\/&#8221; url_new_window=&#8221;on&#8221; button_text=&#8221;Workaway&#8221; button_alignment=&#8221;left&#8221; _builder_version=&#8221;4.27.4&#8243; custom_button=&#8221;on&#8221; button_text_color=&#8221;rgba(0,132,155,0.82)&#8221; button_border_width=&#8221;2px&#8221; custom_margin=&#8221;-11px||||false|false&#8221; custom_padding=&#8221;0px||0px||true|false&#8221; hover_enabled=&#8221;0&#8243; global_colors_info=&#8221;{}&#8221; button_text_size=&#8221;18px&#8221; sticky_enabled=&#8221;0&#8243;][\/et_pb_button][\/et_pb_column][\/et_pb_row][et_pb_row column_structure=&#8221;1_2,1_2&#8243; _builder_version=&#8221;4.27.4&#8243; _module_preset=&#8221;default&#8221; global_colors_info=&#8221;{}&#8221;][et_pb_column type=&#8221;1_2&#8243; _builder_version=&#8221;4.27.4&#8243; _module_preset=&#8221;default&#8221; global_colors_info=&#8221;{}&#8221;][et_pb_image src=&#8221;https:\/\/young-authentic.com\/wp-content\/uploads\/2025\/04\/WhatsApp-Bild-2025-04-14-um-15.17.49_226e0860.jpg&#8221; title_text=&#8221;Imagem do WhatsApp 2025-04-14 at 15.17.49_226e0860&#8243; _builder_version=&#8221;4.27.4&#8243; _module_preset=&#8221;default&#8221; global_colors_info=&#8221;{}&#8221;][\/et_pb_image][\/et_pb_column][et_pb_column type=&#8221;1_2&#8243; _builder_version=&#8221;4.27.4&#8243; _module_preset=&#8221;default&#8221; global_colors_info=&#8221;{}&#8221;][et_pb_image src=&#8221;https:\/\/young-authentic.com\/wp-content\/uploads\/2025\/04\/Design-ohne-Titel6.png&#8221; title_text=&#8221;Desenho sem t\u00edtulo(6)&#8221; _builder_version=&#8221;4.27.4&#8243; _module_preset=&#8221;default&#8221; global_colors_info=&#8221;{}&#8221;][\/et_pb_image][\/et_pb_column][\/et_pb_row][\/et_pb_section]<\/p>\n","protected":false},"excerpt":{"rendered":"<p>Lan\u00e7a o VrindaNo caminho principal para a casa est\u00e1 o nosso lugar de estacionamento para uma carrinha, rodeado pelo nosso pr\u00f3prio jardim com flores, ervas, rosas, arbustos e uma ilha de bananas. Todas as unidades residenciais est\u00e3o ligadas por caminhos pedonais! Bom espa\u00e7o de estacionamento para a carrinha no meio do jardim, perto da entrada [&hellip;]<\/p>\n","protected":false},"author":1,"featured_media":0,"parent":0,"menu_order":0,"comment_status":"closed","ping_status":"closed","template":"","meta":{"_et_pb_use_builder":"on","_et_pb_old_content":"","_et_gb_content_width":"","footnotes":""},"class_list":["post-3851","page","type-page","status-publish","hentry"],"_links":{"self":[{"href":"https:\/\/young-authentic.com\/pt-pt\/wp-json\/wp\/v2\/pages\/3851","targetHints":{"allow":["GET"]}}],"collection":[{"href":"https:\/\/young-authentic.com\/pt-pt\/wp-json\/wp\/v2\/pages"}],"about":[{"href":"https:\/\/young-authentic.com\/pt-pt\/wp-json\/wp\/v2\/types\/page"}],"author":[{"embeddable":true,"href":"https:\/\/young-authentic.com\/pt-pt\/wp-json\/wp\/v2\/users\/1"}],"replies":[{"embeddable":true,"href":"https:\/\/young-authentic.com\/pt-pt\/wp-json\/wp\/v2\/comments?post=3851"}],"version-history":[{"count":8,"href":"https:\/\/young-authentic.com\/pt-pt\/wp-json\/wp\/v2\/pages\/3851\/revisions"}],"predecessor-version":[{"id":4692,"href":"https:\/\/young-authentic.com\/pt-pt\/wp-json\/wp\/v2\/pages\/3851\/revisions\/4692"}],"wp:attachment":[{"href":"https:\/\/young-authentic.com\/pt-pt\/wp-json\/wp\/v2\/media?parent=3851"}],"curies":[{"name":"wp","href":"https:\/\/api.w.org\/{rel}","templated":true}]}}