{"id":4127,"date":"2025-04-18T18:16:43","date_gmt":"2025-04-18T18:16:43","guid":{"rendered":"https:\/\/young-authentic.com\/wohnwagen-shila\/"},"modified":"2025-05-31T16:37:07","modified_gmt":"2025-05-31T16:37:07","slug":"wohnwagen-shila","status":"publish","type":"page","link":"https:\/\/young-authentic.com\/pt-pt\/wohnwagen-shila\/","title":{"rendered":"Caravana Shila"},"content":{"rendered":"<p>[et_pb_section fb_built=&#8221;1&#8243; _builder_version=&#8221;4.27.4&#8243; _module_preset=&#8221;default&#8221; background_color=&#8221;rgba(224,159,17,0.24)&#8221; global_colors_info=&#8221;{}&#8221;][et_pb_row custom_padding_last_edited=&#8221;on|desktop&#8221; _builder_version=&#8221;4.16&#8243; custom_padding=&#8221;||0px||false|false&#8221; custom_padding_tablet=&#8221;0px||0px||true|false&#8221; custom_padding_phone=&#8221;0px||0px||true|false&#8221; global_colors_info=&#8221;{}&#8221;][et_pb_column type=&#8221;4_4&#8243; _builder_version=&#8221;4.16&#8243; global_colors_info=&#8221;{}&#8221;][et_pb_text _builder_version=&#8221;4.27.4&#8243; text_font=&#8221;Gayathri|700|||||||&#8221; text_text_color=&#8221;rgba(0,132,155,0.82)&#8221; text_font_size=&#8221;28px&#8221; text_letter_spacing=&#8221;2px&#8221; global_colors_info=&#8221;{}&#8221;]<\/p>\n<p>Caravana Shila<\/p>\n<p>[\/et_pb_text][\/et_pb_column][\/et_pb_row][et_pb_row _builder_version=&#8221;4.27.4&#8243; _module_preset=&#8221;default&#8221; global_colors_info=&#8221;{}&#8221;][et_pb_column type=&#8221;4_4&#8243; _builder_version=&#8221;4.27.4&#8243; _module_preset=&#8221;default&#8221; global_colors_info=&#8221;{}&#8221;][et_pb_text _builder_version=&#8221;4.27.4&#8243; _module_preset=&#8221;default&#8221; text_font=&#8221;Gayathri||||||||&#8221; text_text_color=&#8221;#633b00&#8243; text_font_size=&#8221;18px&#8221; text_letter_spacing=&#8221;2px&#8221; hover_enabled=&#8221;0&#8243; global_colors_info=&#8221;{}&#8221; sticky_enabled=&#8221;0&#8243;]<\/p>\n<p>Esta pra\u00e7a est\u00e1 atualmente em constru\u00e7\u00e3o e estar\u00e1 pronta no in\u00edcio de junho de 2026.<\/p>\n<p><span style=\"font-weight: 400;\">A caravana \u00e9 adequada para uma pessoa solteira ou para um casal, no m\u00e1ximo.<\/span><\/p>\n<p>Fica num terra\u00e7o elevado, n\u00e3o muito longe da casa principal e est\u00e1 rodeada por um pequeno e bem cuidado eucaliptal<br \/>com sobreiros, medronheiros e estevas para dar sombra.<br \/>H\u00e1 um caminho de acesso privado e uma escada que leva \u00e0 casa principal.<\/p>\n<p>Uma caravana de 5 metros de comprimento com duche e WC, com a sua pr\u00f3pria cozinha exterior, WC de compostagem, chuveiro exterior<br \/>inclu\u00eddo. pequeno terra\u00e7o.<span style=\"font-weight: 400;\"><\/span><span style=\"font-weight: 400;\"><br \/>Todos os apartamentos est\u00e3o totalmente mobilados com uma cozinha equipada e est\u00e3o ligados por caminhos pedonais!<br \/><\/span><span style=\"font-weight: 400;\"><br \/><\/span><b>custo<\/b><b><br \/><\/b><span style=\"font-weight: 400;\">1. de 15 de abril a 15 de outubro \/m\u00eas 350,-\u20ac<\/span><span style=\"font-weight: 400;\"><br \/><\/span><span style=\"font-weight: 400;\">2. de 15 de outubro a 15 de abril \/ mensalmente 280,-\u20ac<\/span><\/p>\n<p><span style=\"font-weight: 400;\">Inclui internet (Starlink), eletricidade (sistema solar) e \u00e1gua de uma nascente natural<\/span><span style=\"font-weight: 400;\">.<br \/><\/span><span style=\"font-weight: 400;\">Podes partilhar o terra\u00e7o de ervas e as \u00e1rvores de fruto<\/span><span style=\"font-weight: 400;\">.<br \/><\/span><span style=\"font-weight: 400;\">Para estadias mais longas, podes cultivar o teu pr\u00f3prio pequeno jardim.<\/span><\/p>\n<p><span style=\"font-weight: 400;\">A lenha para o inverno tem de ser comprada.<br \/>Podes encontrar lenha na vizinhan\u00e7a.<\/span><tmpopup style=\"top: 43px; left: 133.217px;\"><tmpopupcolor style=\"background: #dd99ff;\" id=\"tmpopupcolor--1\"><\/tmpopupcolor><tmpopupcolor style=\"background: #66bbff;\" id=\"tmpopupcolor--2\"><\/tmpopupcolor><tmpopupcolor style=\"background: #55ff55;\" id=\"tmpopupcolor--3\"><\/tmpopupcolor><tmpopupcolor style=\"background: #ff6666;\" id=\"tmpopupcolor--4\"><\/tmpopupcolor><tmpopupcolor style=\"background: #ffcc00;\" id=\"tmpopupcolor--5\"><\/tmpopupcolor><tmpopupcolor style=\"background: #ffee00;\" id=\"tmpopupcolor--m\"><\/tmpopupcolor><\/tmpopup><tmpopup style=\"top: 466px; left: 63.45px;\"><tmpopupcolor style=\"background: #dd99ff;\" id=\"tmpopupcolor--1\"><\/tmpopupcolor><tmpopupcolor style=\"background: #66bbff;\" id=\"tmpopupcolor--2\"><\/tmpopupcolor><tmpopupcolor style=\"background: #55ff55;\" id=\"tmpopupcolor--3\"><\/tmpopupcolor><tmpopupcolor style=\"background: #ff6666;\" id=\"tmpopupcolor--4\"><\/tmpopupcolor><tmpopupcolor style=\"background: #ffcc00;\" id=\"tmpopupcolor--5\"><\/tmpopupcolor><tmpopupcolor style=\"background: #ffee00;\" id=\"tmpopupcolor--m\"><\/tmpopupcolor><\/tmpopup><\/p>\n<p>[\/et_pb_text][\/et_pb_column][\/et_pb_row][et_pb_row column_structure=&#8221;1_2,1_2&#8243; _builder_version=&#8221;4.27.4&#8243; _module_preset=&#8221;default&#8221; custom_margin=&#8221;-44px||||false|false&#8221; global_colors_info=&#8221;{}&#8221;][et_pb_column type=&#8221;1_2&#8243; _builder_version=&#8221;4.27.4&#8243; _module_preset=&#8221;default&#8221; global_colors_info=&#8221;{}&#8221;][et_pb_text _builder_version=&#8221;4.27.4&#8243; _module_preset=&#8221;default&#8221; text_font=&#8221;Gayathri||||||||&#8221; text_text_color=&#8221;rgba(0,132,155,0.82)&#8221; text_font_size=&#8221;18px&#8221; text_letter_spacing=&#8221;2px&#8221; custom_margin=&#8221;0px||||false|false&#8221; global_colors_info=&#8221;{}&#8221;]<\/p>\n<p><span style=\"color: rgba(0, 132, 155, 0.82);\">Podes utilizar a caravana como local de trabalho.<\/span><\/p>\n<p>[\/et_pb_text][\/et_pb_column][et_pb_column type=&#8221;1_2&#8243; _builder_version=&#8221;4.27.4&#8243; _module_preset=&#8221;default&#8221; global_colors_info=&#8221;{}&#8221;][et_pb_button button_url=&#8221;https:\/\/young-authentic.com\/pt-pt\/trabalha-fora\/&#8221; url_new_window=&#8221;on&#8221; button_text=&#8221;Workaway&#8221; button_alignment=&#8221;left&#8221; _builder_version=&#8221;4.27.4&#8243; custom_button=&#8221;on&#8221; button_text_size=&#8221;18px&#8221; button_text_color=&#8221;rgba(0,132,155,0.82)&#8221; button_border_width=&#8221;2px&#8221; custom_margin=&#8221;-11px||||false|false&#8221; custom_padding=&#8221;0px||0px||true|false&#8221; global_colors_info=&#8221;{}&#8221;][\/et_pb_button][\/et_pb_column][\/et_pb_row][\/et_pb_section]<\/p>\n","protected":false},"excerpt":{"rendered":"<p>Caravana ShilaEsta pra\u00e7a est\u00e1 atualmente em constru\u00e7\u00e3o e estar\u00e1 pronta no in\u00edcio de junho de 2026. A caravana \u00e9 adequada para uma pessoa solteira ou para um casal, no m\u00e1ximo. Fica num terra\u00e7o elevado, n\u00e3o muito longe da casa principal e est\u00e1 rodeada por um pequeno e bem cuidado eucaliptalcom sobreiros, medronheiros e estevas para [&hellip;]<\/p>\n","protected":false},"author":1,"featured_media":0,"parent":0,"menu_order":0,"comment_status":"closed","ping_status":"closed","template":"","meta":{"_et_pb_use_builder":"on","_et_pb_old_content":"","_et_gb_content_width":"","footnotes":""},"class_list":["post-4127","page","type-page","status-publish","hentry"],"_links":{"self":[{"href":"https:\/\/young-authentic.com\/pt-pt\/wp-json\/wp\/v2\/pages\/4127","targetHints":{"allow":["GET"]}}],"collection":[{"href":"https:\/\/young-authentic.com\/pt-pt\/wp-json\/wp\/v2\/pages"}],"about":[{"href":"https:\/\/young-authentic.com\/pt-pt\/wp-json\/wp\/v2\/types\/page"}],"author":[{"embeddable":true,"href":"https:\/\/young-authentic.com\/pt-pt\/wp-json\/wp\/v2\/users\/1"}],"replies":[{"embeddable":true,"href":"https:\/\/young-authentic.com\/pt-pt\/wp-json\/wp\/v2\/comments?post=4127"}],"version-history":[{"count":10,"href":"https:\/\/young-authentic.com\/pt-pt\/wp-json\/wp\/v2\/pages\/4127\/revisions"}],"predecessor-version":[{"id":4930,"href":"https:\/\/young-authentic.com\/pt-pt\/wp-json\/wp\/v2\/pages\/4127\/revisions\/4930"}],"wp:attachment":[{"href":"https:\/\/young-authentic.com\/pt-pt\/wp-json\/wp\/v2\/media?parent=4127"}],"curies":[{"name":"wp","href":"https:\/\/api.w.org\/{rel}","templated":true}]}}