{"id":4241,"date":"2025-04-19T10:22:25","date_gmt":"2025-04-19T10:22:25","guid":{"rendered":"https:\/\/young-authentic.com\/viagem\/"},"modified":"2025-04-21T17:55:25","modified_gmt":"2025-04-21T17:55:25","slug":"viagem","status":"publish","type":"page","link":"https:\/\/young-authentic.com\/pt-pt\/viagem\/","title":{"rendered":"Caminho"},"content":{"rendered":"<p>[et_pb_section fb_built=&#8221;1&#8243; _builder_version=&#8221;4.27.4&#8243; _module_preset=&#8221;default&#8221; background_color=&#8221;rgba(224,159,17,0.24)&#8221; global_colors_info=&#8221;{}&#8221;][et_pb_row column_structure=&#8221;1_2,1_2&#8243; _builder_version=&#8221;4.16&#8243; global_colors_info=&#8221;{}&#8221;][et_pb_column type=&#8221;1_2&#8243; _builder_version=&#8221;4.16&#8243; global_colors_info=&#8221;{}&#8221;][et_pb_text _builder_version=&#8221;4.27.4&#8243; text_font=&#8221;Gayathri||||||||&#8221; text_text_color=&#8221;#633b00&#8243; text_font_size=&#8221;18px&#8221; text_letter_spacing=&#8221;2px&#8221; hover_enabled=&#8221;0&#8243; global_colors_info=&#8221;{}&#8221; sticky_enabled=&#8221;0&#8243;]<\/p>\n<p><span style=\"font-size: x-large;\"><strong><span style=\"color: rgba(0, 132, 155, 0.82);\">CAMINHO<\/span><\/strong><\/span><\/p>\n<p><span style=\"font-weight: 400;\">A nossa pequena &#8220;ilha&#8221; situa-se entre Aljezur e Monchique numa reserva natural no belo Algarve Ocidental entre a serra e o mar!<\/span><\/p>\n<p><span style=\"font-weight: 400;\">H\u00e1 liga\u00e7\u00f5es de autocarro ou comboio <\/span><span style=\"font-weight: 400;\">do aeroporto <\/span><b>de Faro <\/b> para Portim\u00e3o\/Lagos\/Aljezur\/Monchique\/Marmelete. A longo prazo, precisar\u00e1s do teu pr\u00f3prio carro, pois n\u00e3o h\u00e1 liga\u00e7\u00e3o de autocarro entre Marmelete e Aljezur.<br \/>Isto garante a tua mobilidade.<br \/><span style=\"font-weight: 400;\"><\/span><span style=\"font-weight: 400;\">Tens de percorrer 800 metros de estrada de terra batida (estrada da Pampa)!<\/span><\/p>\n<p>&nbsp;<\/p>\n<p><span style=\"font-size: x-large; color: rgba(0, 132, 155, 0.82);\"><strong>LOCALIZA\u00c7\u00c3O<\/strong><\/span><\/p>\n<p><span style=\"font-weight: 400;\">Aljezur &#8211;&gt; cerca de 13 km,<br \/><\/span><span style=\"font-weight: 400;\">Monchique &#8211;&gt; cerca de 20 km,<br \/><\/span><span style=\"font-weight: 400;\">Marmelete &#8211;&gt; cerca de 6 km,<br \/><\/span><span style=\"font-weight: 400;\">Lagos &#8211;&gt; cerca de 25 km,<br \/><\/span><span style=\"font-weight: 400;\">Portim\u00e3o &#8211;&gt; a cerca de 30 km.<\/span><\/p>\n<p><b>Para as belas praias<\/b><span style=\"font-weight: 400;\"><br \/><\/span><span style=\"font-weight: 400;\">Amoreira, Monte Cl\u00e9rigo e Arrifana a cerca de 20 km. <\/span><\/p>\n<p>[\/et_pb_text][\/et_pb_column][et_pb_column type=&#8221;1_2&#8243; _builder_version=&#8221;4.16&#8243; global_colors_info=&#8221;{}&#8221;][et_pb_code _builder_version=&#8221;4.16&#8243; global_colors_info=&#8221;{}&#8221;] <\/p>\n<div class=\"brlbs-cmpnt-container brlbs-cmpnt-content-blocker brlbs-cmpnt-with-individual-styles\" data-borlabs-cookie-content-blocker-id=\"google-maps\" data-borlabs-cookie-content=\"PGlmcmFtZSBzcmM9Imh0dHBzOi8vd3d3Lmdvb2dsZS5jb20vbWFwcy9lbWJlZD9wYj0hMW0xOCExbTEyITFtMyExZDExOTMzLjczMzY2MjkzNjY4MiEyZC04LjcxMjU3MDQ2Njc2NTEwNCEzZDM3LjMwNjY1ODY3NzU1NTk0ITJtMyExZjAhMmYwITNmMCEzbTIhMWkxMDI0ITJpNzY4ITRmMTMuMSEzbTMhMW0yITFzMHhkMWIzZDc0ZmYwMmQ1OWQlM0EweDNjNTRmZmVjNzk2NTBhZTchMnNBYnV0YXJlaXJhJTJDJTIwTW9uY2hpcXVlJTJDJTIwUG9ydHVnYWwhNWUxITNtMiExc2RlITJzZGUhNHYxNTkxODY5NjcxNjA3ITVtMiExc2RlITJzZGUiIHdpZHRoPSI2MDAiIGhlaWdodD0iNDUwIiBmcmFtZWJvcmRlcj0iMCIgc3R5bGU9ImJvcmRlcjowOyIgYWxsb3dmdWxsc2NyZWVuPSIiIGFyaWEtaGlkZGVuPSJmYWxzZSIgdGFiaW5kZXg9IjAiPjwvaWZyYW1lPg==\">\n<div class=\"brlbs-cmpnt-cb-preset-b brlbs-cmpnt-cb-google-maps\">\n<div class=\"brlbs-cmpnt-cb-thumbnail\" style=\"background-image: url('https:\/\/young-authentic.com\/wp-content\/uploads\/borlabs-cookie\/1\/brlbs-cb-google-maps-main.png')\"><\/div>\n<div class=\"brlbs-cmpnt-cb-main\">\n<div class=\"brlbs-cmpnt-cb-content\">\n<p class=\"brlbs-cmpnt-cb-description\">You are currently viewing a placeholder content from <strong>Google Maps<\/strong>. To access the actual content, click the button below. Please note that doing so will share data with third-party providers.<\/p>\n<p> <a class=\"brlbs-cmpnt-cb-provider-toggle\" href=\"#\" data-borlabs-cookie-show-provider-information role=\"button\">More Information<\/a> <\/div>\n<div class=\"brlbs-cmpnt-cb-buttons\"> <a class=\"brlbs-cmpnt-cb-btn\" href=\"#\" data-borlabs-cookie-unblock role=\"button\">Unblock content<\/a> <a class=\"brlbs-cmpnt-cb-btn\" href=\"#\" data-borlabs-cookie-accept-service role=\"button\" style=\"display: inherit\">Accept required service and unblock content<\/a> <\/div>\n<\/p><\/div>\n<\/p><\/div>\n<\/div>\n<p>[\/et_pb_code][\/et_pb_column][\/et_pb_row][\/et_pb_section]<\/p>\n","protected":false},"excerpt":{"rendered":"<p>CAMINHO A nossa pequena &#8220;ilha&#8221; situa-se entre Aljezur e Monchique numa reserva natural no belo Algarve Ocidental entre a serra e o mar! H\u00e1 liga\u00e7\u00f5es de autocarro ou comboio do aeroporto de Faro para Portim\u00e3o\/Lagos\/Aljezur\/Monchique\/Marmelete. A longo prazo, precisar\u00e1s do teu pr\u00f3prio carro, pois n\u00e3o h\u00e1 liga\u00e7\u00e3o de autocarro entre Marmelete e Aljezur.Isto garante a [&hellip;]<\/p>\n","protected":false},"author":1,"featured_media":0,"parent":0,"menu_order":0,"comment_status":"closed","ping_status":"closed","template":"","meta":{"_et_pb_use_builder":"on","_et_pb_old_content":"","_et_gb_content_width":"","footnotes":""},"class_list":["post-4241","page","type-page","status-publish","hentry"],"_links":{"self":[{"href":"https:\/\/young-authentic.com\/pt-pt\/wp-json\/wp\/v2\/pages\/4241","targetHints":{"allow":["GET"]}}],"collection":[{"href":"https:\/\/young-authentic.com\/pt-pt\/wp-json\/wp\/v2\/pages"}],"about":[{"href":"https:\/\/young-authentic.com\/pt-pt\/wp-json\/wp\/v2\/types\/page"}],"author":[{"embeddable":true,"href":"https:\/\/young-authentic.com\/pt-pt\/wp-json\/wp\/v2\/users\/1"}],"replies":[{"embeddable":true,"href":"https:\/\/young-authentic.com\/pt-pt\/wp-json\/wp\/v2\/comments?post=4241"}],"version-history":[{"count":9,"href":"https:\/\/young-authentic.com\/pt-pt\/wp-json\/wp\/v2\/pages\/4241\/revisions"}],"predecessor-version":[{"id":4835,"href":"https:\/\/young-authentic.com\/pt-pt\/wp-json\/wp\/v2\/pages\/4241\/revisions\/4835"}],"wp:attachment":[{"href":"https:\/\/young-authentic.com\/pt-pt\/wp-json\/wp\/v2\/media?parent=4241"}],"curies":[{"name":"wp","href":"https:\/\/api.w.org\/{rel}","templated":true}]}}