{"id":4259,"date":"2025-04-19T10:24:12","date_gmt":"2025-04-19T10:24:12","guid":{"rendered":"https:\/\/young-authentic.com\/lagos\/"},"modified":"2025-04-20T13:49:35","modified_gmt":"2025-04-20T13:49:35","slug":"lagos","status":"publish","type":"page","link":"https:\/\/young-authentic.com\/pt-pt\/lagos\/","title":{"rendered":"Lagos"},"content":{"rendered":"<p>[et_pb_section fb_built=&#8221;1&#8243; _builder_version=&#8221;4.27.4&#8243; _module_preset=&#8221;default&#8221; background_color=&#8221;rgba(224,159,17,0.24)&#8221; global_colors_info=&#8221;{}&#8221;][et_pb_row custom_padding_last_edited=&#8221;on|desktop&#8221; _builder_version=&#8221;4.16&#8243; custom_padding=&#8221;||0px||false|false&#8221; custom_padding_tablet=&#8221;0px||0px||true|false&#8221; custom_padding_phone=&#8221;0px||0px||true|false&#8221; global_colors_info=&#8221;{}&#8221;][et_pb_column type=&#8221;4_4&#8243; _builder_version=&#8221;4.16&#8243; global_colors_info=&#8221;{}&#8221;][et_pb_text _builder_version=&#8221;4.27.4&#8243; text_font=&#8221;Gayathri|700|||||||&#8221; text_text_color=&#8221;rgba(0,132,155,0.82)&#8221; text_font_size=&#8221;28px&#8221; text_letter_spacing=&#8221;2px&#8221; global_colors_info=&#8221;{}&#8221;]<\/p>\n<p>Lagos<\/p>\n<p>[\/et_pb_text][\/et_pb_column][\/et_pb_row][et_pb_row _builder_version=&#8221;4.27.4&#8243; _module_preset=&#8221;default&#8221; global_colors_info=&#8221;{}&#8221;][et_pb_column type=&#8221;4_4&#8243; _builder_version=&#8221;4.27.4&#8243; _module_preset=&#8221;default&#8221; global_colors_info=&#8221;{}&#8221;][et_pb_text _builder_version=&#8221;4.27.4&#8243; _module_preset=&#8221;default&#8221; text_font=&#8221;Gayathri||||||||&#8221; text_text_color=&#8221;#633b00&#8243; text_font_size=&#8221;18px&#8221; text_letter_spacing=&#8221;2px&#8221; min_height=&#8221;70.4px&#8221; hover_enabled=&#8221;0&#8243; global_colors_info=&#8221;{}&#8221; sticky_enabled=&#8221;0&#8243;]<\/p>\n<p><span style=\"font-weight: 400;\">Lagos \u00e9 uma pequena cidade portu\u00e1ria com cerca de 33.500 habitantes, a cerca de <\/span><span style=\"font-weight: 400;\"><\/span><span style=\"font-weight: 400;\">25 quil\u00f3metros a sul de n\u00f3s e <\/span><span style=\"font-weight: 400;\">e, nos meses de ver\u00e3o, recebe mais turistas do que habitantes.<\/span><span style=\"font-weight: 400;\"><br \/><\/span><span style=\"font-weight: 400;\">Isto significa que h\u00e1 muitas ofertas\/eventos. <\/span><span style=\"font-weight: 400;\"><\/span><span style=\"font-weight: 400;\">Encontrar\u00e1s tudo o que precisas aqui.<br \/>Nem todas as ofertas de uma cidade est\u00e3o listadas aqui.<br \/><\/span><\/p>\n<p>[\/et_pb_text][\/et_pb_column][\/et_pb_row][et_pb_row column_structure=&#8221;1_2,1_2&#8243; _builder_version=&#8221;4.27.4&#8243; _module_preset=&#8221;default&#8221; global_colors_info=&#8221;{}&#8221;][et_pb_column type=&#8221;1_2&#8243; _builder_version=&#8221;4.27.4&#8243; _module_preset=&#8221;default&#8221; global_colors_info=&#8221;{}&#8221;][et_pb_text _builder_version=&#8221;4.27.4&#8243; _module_preset=&#8221;default&#8221; text_font=&#8221;Gayathri||||||||&#8221; text_text_color=&#8221;#633b00&#8243; text_font_size=&#8221;18px&#8221; text_letter_spacing=&#8221;2px&#8221; global_colors_info=&#8221;{}&#8221;]<\/p>\n<p><span style=\"font-weight: 400; color: rgba(0, 132, 155, 0.82);\"><strong>Carater\u00edsticas especiais<\/p>\n<p><\/strong><\/span><\/p>\n<ul>\n<li><span style=\"font-weight: 400;\">Hospital<\/span><\/li>\n<li><span style=\"font-weight: 400;\">Hospital privado<\/span><\/li>\n<li><span style=\"font-weight: 400;\">Cl\u00ednica veterin\u00e1ria<b><\/b><\/span><\/li>\n<li>Especialistas<\/li>\n<li>Naturopatia<\/li>\n<\/ul>\n<p>[\/et_pb_text][\/et_pb_column][et_pb_column type=&#8221;1_2&#8243; _builder_version=&#8221;4.27.4&#8243; _module_preset=&#8221;default&#8221; global_colors_info=&#8221;{}&#8221;][et_pb_text _builder_version=&#8221;4.27.4&#8243; _module_preset=&#8221;default&#8221; text_font=&#8221;Gayathri||||||||&#8221; text_text_color=&#8221;#633b00&#8243; text_font_size=&#8221;18px&#8221; text_letter_spacing=&#8221;2px&#8221; global_colors_info=&#8221;{}&#8221;]<\/p>\n<p><span style=\"font-weight: 400;\"><\/span><\/p>\n<p>&nbsp;<\/p>\n<ul>\n<li><span style=\"font-weight: 400;\">Esta\u00e7\u00e3o de autocarros<\/span><span style=\"font-weight: 400;\"><\/span><\/li>\n<li><span style=\"font-weight: 400;\">Esta\u00e7\u00e3o de comboios<\/span><\/li>\n<li><span style=\"font-weight: 400;\">Passeios de barco<\/span><\/li>\n<li><span style=\"font-weight: 400;\">Ofertas culturais<\/span><\/li>\n<li><span style=\"font-weight: 400;\">Aldi\/ Lidl \/ Intermache<\/span><\/li>\n<\/ul>\n<p>[\/et_pb_text][\/et_pb_column][\/et_pb_row][\/et_pb_section]<\/p>\n","protected":false},"excerpt":{"rendered":"<p>LagosLagos \u00e9 uma pequena cidade portu\u00e1ria com cerca de 33.500 habitantes, a cerca de 25 quil\u00f3metros a sul de n\u00f3s e e, nos meses de ver\u00e3o, recebe mais turistas do que habitantes.Isto significa que h\u00e1 muitas ofertas\/eventos. Encontrar\u00e1s tudo o que precisas aqui.Nem todas as ofertas de uma cidade est\u00e3o listadas aqui.Carater\u00edsticas especiais Hospital Hospital [&hellip;]<\/p>\n","protected":false},"author":1,"featured_media":0,"parent":0,"menu_order":0,"comment_status":"closed","ping_status":"closed","template":"","meta":{"_et_pb_use_builder":"on","_et_pb_old_content":"","_et_gb_content_width":"","footnotes":""},"class_list":["post-4259","page","type-page","status-publish","hentry"],"_links":{"self":[{"href":"https:\/\/young-authentic.com\/pt-pt\/wp-json\/wp\/v2\/pages\/4259","targetHints":{"allow":["GET"]}}],"collection":[{"href":"https:\/\/young-authentic.com\/pt-pt\/wp-json\/wp\/v2\/pages"}],"about":[{"href":"https:\/\/young-authentic.com\/pt-pt\/wp-json\/wp\/v2\/types\/page"}],"author":[{"embeddable":true,"href":"https:\/\/young-authentic.com\/pt-pt\/wp-json\/wp\/v2\/users\/1"}],"replies":[{"embeddable":true,"href":"https:\/\/young-authentic.com\/pt-pt\/wp-json\/wp\/v2\/comments?post=4259"}],"version-history":[{"count":6,"href":"https:\/\/young-authentic.com\/pt-pt\/wp-json\/wp\/v2\/pages\/4259\/revisions"}],"predecessor-version":[{"id":4686,"href":"https:\/\/young-authentic.com\/pt-pt\/wp-json\/wp\/v2\/pages\/4259\/revisions\/4686"}],"wp:attachment":[{"href":"https:\/\/young-authentic.com\/pt-pt\/wp-json\/wp\/v2\/media?parent=4259"}],"curies":[{"name":"wp","href":"https:\/\/api.w.org\/{rel}","templated":true}]}}