{"id":4262,"date":"2025-04-19T10:24:26","date_gmt":"2025-04-19T10:24:26","guid":{"rendered":"https:\/\/young-authentic.com\/marmelete\/"},"modified":"2025-04-19T19:42:27","modified_gmt":"2025-04-19T19:42:27","slug":"marmelete","status":"publish","type":"page","link":"https:\/\/young-authentic.com\/pt-pt\/marmelete\/","title":{"rendered":"Marmelete"},"content":{"rendered":"<p>[et_pb_section fb_built=&#8221;1&#8243; _builder_version=&#8221;4.27.4&#8243; _module_preset=&#8221;default&#8221; background_color=&#8221;rgba(224,159,17,0.24)&#8221; global_colors_info=&#8221;{}&#8221;][et_pb_row custom_padding_last_edited=&#8221;on|desktop&#8221; _builder_version=&#8221;4.16&#8243; custom_padding=&#8221;||0px||false|false&#8221; custom_padding_tablet=&#8221;0px||0px||true|false&#8221; custom_padding_phone=&#8221;0px||0px||true|false&#8221; global_colors_info=&#8221;{}&#8221;][et_pb_column type=&#8221;4_4&#8243; _builder_version=&#8221;4.16&#8243; global_colors_info=&#8221;{}&#8221;][et_pb_text _builder_version=&#8221;4.27.4&#8243; text_font=&#8221;Gayathri|700|||||||&#8221; text_text_color=&#8221;rgba(0,132,155,0.82)&#8221; text_font_size=&#8221;28px&#8221; text_letter_spacing=&#8221;2px&#8221; global_colors_info=&#8221;{}&#8221;]<\/p>\n<p>Marmelete<\/p>\n<p>[\/et_pb_text][\/et_pb_column][\/et_pb_row][et_pb_row _builder_version=&#8221;4.27.4&#8243; _module_preset=&#8221;default&#8221; global_colors_info=&#8221;{}&#8221;][et_pb_column type=&#8221;4_4&#8243; _builder_version=&#8221;4.27.4&#8243; _module_preset=&#8221;default&#8221; global_colors_info=&#8221;{}&#8221;][et_pb_text _builder_version=&#8221;4.27.4&#8243; _module_preset=&#8221;default&#8221; text_font=&#8221;Gayathri||||||||&#8221; text_text_color=&#8221;#633b00&#8243; text_font_size=&#8221;18px&#8221; text_letter_spacing=&#8221;2px&#8221; hover_enabled=&#8221;0&#8243; global_colors_info=&#8221;{}&#8221; sticky_enabled=&#8221;0&#8243;]<\/p>\n<p><span style=\"font-weight: 400;\">Marmelete, com cerca de 700 habitantes, situa-se a cerca de 5 km a oeste de n\u00f3s.<\/span><\/p>\n<p>[\/et_pb_text][\/et_pb_column][\/et_pb_row][et_pb_row column_structure=&#8221;1_2,1_2&#8243; _builder_version=&#8221;4.27.4&#8243; _module_preset=&#8221;default&#8221; global_colors_info=&#8221;{}&#8221;][et_pb_column type=&#8221;1_2&#8243; _builder_version=&#8221;4.27.4&#8243; _module_preset=&#8221;default&#8221; global_colors_info=&#8221;{}&#8221;][et_pb_text _builder_version=&#8221;4.27.4&#8243; _module_preset=&#8221;default&#8221; text_font=&#8221;Gayathri||||||||&#8221; text_text_color=&#8221;#633b00&#8243; text_font_size=&#8221;18px&#8221; text_letter_spacing=&#8221;2px&#8221; hover_enabled=&#8221;0&#8243; global_colors_info=&#8221;{}&#8221; sticky_enabled=&#8221;0&#8243;]<\/p>\n<ul>\n<li><span style=\"font-weight: 400;\">Farm\u00e1cia<\/span><\/li>\n<li><span style=\"font-weight: 400;\">Publica  <\/span><\/li>\n<li><span style=\"font-weight: 400;\">Junta Freguesia (C\u00e2mara Municipal)<\/span><\/li>\n<li><span style=\"font-weight: 400;\">Cibercaf\u00e9<\/span><\/li>\n<li><span style=\"font-weight: 400;\">Esta\u00e7\u00e3o de servi\u00e7o<\/span><\/li>\n<li><span style=\"font-weight: 400;\">Escola prim\u00e1ria  <\/span><\/li>\n<li><span style=\"font-weight: 400;\">Jardim de inf\u00e2ncia<\/span><\/li>\n<\/ul>\n<p>[\/et_pb_text][\/et_pb_column][et_pb_column type=&#8221;1_2&#8243; _builder_version=&#8221;4.27.4&#8243; _module_preset=&#8221;default&#8221; global_colors_info=&#8221;{}&#8221;][et_pb_text _builder_version=&#8221;4.27.4&#8243; _module_preset=&#8221;default&#8221; text_font=&#8221;Gayathri||||||||&#8221; text_text_color=&#8221;#633b00&#8243; text_font_size=&#8221;18px&#8221; text_letter_spacing=&#8221;2px&#8221; hover_enabled=&#8221;0&#8243; global_colors_info=&#8221;{}&#8221; sticky_enabled=&#8221;0&#8243;]<\/p>\n<ul>\n<li><span style=\"font-weight: 400;\">Piscina exterior com parque<\/span><\/li>\n<li><span style=\"font-weight: 400;\">Estacionamento para carrinha<\/span><\/li>\n<li><span style=\"font-weight: 400;\">Oficina de repara\u00e7\u00e3o de autom\u00f3veis<br \/><\/span><\/li>\n<li><span style=\"font-weight: 400;\">Restaurantes  <\/span><\/li>\n<li><span style=\"font-weight: 400;\"><\/span><span style=\"font-weight: 400;\">Caf\u00e9 \/ Restaurante &#8220;Bank&#8221;  <\/span><span style=\"font-weight: 400;\"><\/span><\/li>\n<li><span style=\"font-weight: 400;\">Ele<\/span><span style=\"font-weight: 400;\">rnani, com legumes frescos<\/span><\/li>\n<li><span style=\"font-weight: 400;\"><\/span><span style=\"font-weight: 400;\">Gina, uma pequena &#8220;loja de tudo&#8221;<\/span><\/li>\n<\/ul>\n<p>[\/et_pb_text][\/et_pb_column][\/et_pb_row][\/et_pb_section]<\/p>\n","protected":false},"excerpt":{"rendered":"<p>MarmeleteMarmelete, com cerca de 700 habitantes, situa-se a cerca de 5 km a oeste de n\u00f3s. Farm\u00e1cia Publica Junta Freguesia (C\u00e2mara Municipal) Cibercaf\u00e9 Esta\u00e7\u00e3o de servi\u00e7o Escola prim\u00e1ria Jardim de inf\u00e2ncia Piscina exterior com parque Estacionamento para carrinha Oficina de repara\u00e7\u00e3o de autom\u00f3veis Restaurantes Caf\u00e9 \/ Restaurante &#8220;Bank&#8221; Elernani, com legumes frescos Gina, uma pequena [&hellip;]<\/p>\n","protected":false},"author":1,"featured_media":0,"parent":0,"menu_order":0,"comment_status":"closed","ping_status":"closed","template":"","meta":{"_et_pb_use_builder":"on","_et_pb_old_content":"","_et_gb_content_width":"","footnotes":""},"class_list":["post-4262","page","type-page","status-publish","hentry"],"_links":{"self":[{"href":"https:\/\/young-authentic.com\/pt-pt\/wp-json\/wp\/v2\/pages\/4262","targetHints":{"allow":["GET"]}}],"collection":[{"href":"https:\/\/young-authentic.com\/pt-pt\/wp-json\/wp\/v2\/pages"}],"about":[{"href":"https:\/\/young-authentic.com\/pt-pt\/wp-json\/wp\/v2\/types\/page"}],"author":[{"embeddable":true,"href":"https:\/\/young-authentic.com\/pt-pt\/wp-json\/wp\/v2\/users\/1"}],"replies":[{"embeddable":true,"href":"https:\/\/young-authentic.com\/pt-pt\/wp-json\/wp\/v2\/comments?post=4262"}],"version-history":[{"count":6,"href":"https:\/\/young-authentic.com\/pt-pt\/wp-json\/wp\/v2\/pages\/4262\/revisions"}],"predecessor-version":[{"id":4542,"href":"https:\/\/young-authentic.com\/pt-pt\/wp-json\/wp\/v2\/pages\/4262\/revisions\/4542"}],"wp:attachment":[{"href":"https:\/\/young-authentic.com\/pt-pt\/wp-json\/wp\/v2\/media?parent=4262"}],"curies":[{"name":"wp","href":"https:\/\/api.w.org\/{rel}","templated":true}]}}