{"id":4265,"date":"2025-04-19T10:24:42","date_gmt":"2025-04-19T10:24:42","guid":{"rendered":"https:\/\/young-authentic.com\/monchique\/"},"modified":"2025-04-19T19:43:01","modified_gmt":"2025-04-19T19:43:01","slug":"monchique","status":"publish","type":"page","link":"https:\/\/young-authentic.com\/pt-pt\/monchique\/","title":{"rendered":"Monchique"},"content":{"rendered":"<p>[et_pb_section fb_built=&#8221;1&#8243; _builder_version=&#8221;4.27.4&#8243; _module_preset=&#8221;default&#8221; background_color=&#8221;rgba(224,159,17,0.24)&#8221; global_colors_info=&#8221;{}&#8221;][et_pb_row custom_padding_last_edited=&#8221;on|desktop&#8221; _builder_version=&#8221;4.16&#8243; custom_padding=&#8221;||0px||false|false&#8221; custom_padding_tablet=&#8221;0px||0px||true|false&#8221; custom_padding_phone=&#8221;0px||0px||true|false&#8221; global_colors_info=&#8221;{}&#8221;][et_pb_column type=&#8221;4_4&#8243; _builder_version=&#8221;4.16&#8243; global_colors_info=&#8221;{}&#8221;][et_pb_text _builder_version=&#8221;4.27.4&#8243; text_font=&#8221;Gayathri|700|||||||&#8221; text_text_color=&#8221;rgba(0,132,155,0.82)&#8221; text_font_size=&#8221;28px&#8221; text_letter_spacing=&#8221;2px&#8221; global_colors_info=&#8221;{}&#8221;]<\/p>\n<p>Monchique<\/p>\n<p>[\/et_pb_text][\/et_pb_column][\/et_pb_row][et_pb_row _builder_version=&#8221;4.27.4&#8243; _module_preset=&#8221;default&#8221; global_colors_info=&#8221;{}&#8221;][et_pb_column type=&#8221;4_4&#8243; _builder_version=&#8221;4.27.4&#8243; _module_preset=&#8221;default&#8221; global_colors_info=&#8221;{}&#8221;][et_pb_text _builder_version=&#8221;4.27.4&#8243; _module_preset=&#8221;default&#8221; text_font=&#8221;Gayathri||||||||&#8221; text_text_color=&#8221;#633b00&#8243; text_font_size=&#8221;18px&#8221; text_letter_spacing=&#8221;2px&#8221; hover_enabled=&#8221;0&#8243; global_colors_info=&#8221;{}&#8221; sticky_enabled=&#8221;0&#8243;]<\/p>\n<p><span style=\"font-weight: 400;\">Monchique, com cerca de 4373 habitantes, \u00e9 a maior cidade da serra e situa-se a cerca de 23 km a leste de n\u00f3s.<\/span><\/p>\n<p>[\/et_pb_text][\/et_pb_column][\/et_pb_row][et_pb_row column_structure=&#8221;1_3,1_3,1_3&#8243; _builder_version=&#8221;4.27.4&#8243; _module_preset=&#8221;default&#8221; global_colors_info=&#8221;{}&#8221;][et_pb_column type=&#8221;1_3&#8243; _builder_version=&#8221;4.27.4&#8243; _module_preset=&#8221;default&#8221; global_colors_info=&#8221;{}&#8221;][et_pb_text _builder_version=&#8221;4.27.4&#8243; _module_preset=&#8221;default&#8221; text_font=&#8221;Gayathri||||||||&#8221; text_text_color=&#8221;#633b00&#8243; text_font_size=&#8221;18px&#8221; text_letter_spacing=&#8221;2px&#8221; hover_enabled=&#8221;0&#8243; global_colors_info=&#8221;{}&#8221; sticky_enabled=&#8221;0&#8243;]<\/p>\n<ul>\n<li><span style=\"font-weight: 400;\">GNR<\/span><\/li>\n<li><span style=\"font-weight: 400;\">Bombeiros<\/span><\/li>\n<li><span style=\"font-weight: 400;\">Publica<\/span><\/li>\n<li><span style=\"font-weight: 400;\">C\u00e2mara Municipal<\/span><\/li>\n<li><span style=\"font-weight: 400;\">Servi\u00e7o de Finan\u00e7as<\/span><\/li>\n<\/ul>\n<p>[\/et_pb_text][\/et_pb_column][et_pb_column type=&#8221;1_3&#8243; _builder_version=&#8221;4.27.4&#8243; _module_preset=&#8221;default&#8221; global_colors_info=&#8221;{}&#8221;][et_pb_text _builder_version=&#8221;4.27.4&#8243; _module_preset=&#8221;default&#8221; text_font=&#8221;Gayathri||||||||&#8221; text_text_color=&#8221;#633b00&#8243; text_font_size=&#8221;18px&#8221; text_letter_spacing=&#8221;2px&#8221; hover_enabled=&#8221;0&#8243; global_colors_info=&#8221;{}&#8221; sticky_enabled=&#8221;0&#8243;]<\/p>\n<ul>\n<li><span style=\"font-weight: 400;\">Centro de Sa\u00fade<\/span><\/li>\n<li><span style=\"font-weight: 400;\">M\u00e9dicos<\/span><span style=\"font-weight: 400;\"><\/span><\/li>\n<li><span style=\"font-weight: 400;\">Farm\u00e1cia<\/span><span style=\"font-weight: 400;\"><\/span><\/li>\n<li><span style=\"font-weight: 400;\">Advogado<\/span><span style=\"font-weight: 400;\"><\/span><\/li>\n<li><span style=\"font-weight: 400;\">pequeno hospital<\/span><span style=\"font-weight: 400;\"><br \/><\/span><\/li>\n<\/ul>\n<p>[\/et_pb_text][\/et_pb_column][et_pb_column type=&#8221;1_3&#8243; _builder_version=&#8221;4.27.4&#8243; _module_preset=&#8221;default&#8221; global_colors_info=&#8221;{}&#8221;][et_pb_text _builder_version=&#8221;4.27.4&#8243; _module_preset=&#8221;default&#8221; text_font=&#8221;Gayathri||||||||&#8221; text_text_color=&#8221;#633b00&#8243; text_font_size=&#8221;18px&#8221; text_letter_spacing=&#8221;2px&#8221; global_colors_info=&#8221;{}&#8221;]<\/p>\n<ul>\n<li><span style=\"font-weight: 400;\">Creche<\/span><\/li>\n<li><span style=\"font-weight: 400;\"><\/span><span style=\"font-weight: 400;\">Jardim de inf\u00e2ncia<\/span><span style=\"font-weight: 400;\"><\/span><\/li>\n<li><span style=\"font-weight: 400;\">Escola prim\u00e1ria<\/span><span style=\"font-weight: 400;\"><\/span><\/li>\n<li><span style=\"font-weight: 400;\">Escola secund\u00e1ria<\/span><span style=\"font-weight: 400;\"><br \/><\/span><\/li>\n<li><span style=\"font-weight: 400;\">Biblioteca<\/span><\/li>\n<\/ul>\n<p>[\/et_pb_text][\/et_pb_column][\/et_pb_row][et_pb_row column_structure=&#8221;1_3,1_3,1_3&#8243; _builder_version=&#8221;4.27.4&#8243; _module_preset=&#8221;default&#8221; global_colors_info=&#8221;{}&#8221;][et_pb_column type=&#8221;1_3&#8243; _builder_version=&#8221;4.27.4&#8243; _module_preset=&#8221;default&#8221; global_colors_info=&#8221;{}&#8221;][et_pb_text _builder_version=&#8221;4.27.4&#8243; _module_preset=&#8221;default&#8221; text_font=&#8221;Gayathri||||||||&#8221; text_text_color=&#8221;#633b00&#8243; text_font_size=&#8221;18px&#8221; text_letter_spacing=&#8221;2px&#8221; global_colors_info=&#8221;{}&#8221;]<\/p>\n<ul>\n<li><span style=\"font-weight: 400;\">Piscina exterior com parque<\/span><\/li>\n<li><span style=\"font-weight: 400;\"><\/span><span style=\"font-weight: 400;\">Parque infantil<\/span><span style=\"font-weight: 400;\"><\/span><\/li>\n<li><span style=\"font-weight: 400;\">Museu<\/span><span style=\"font-weight: 400;\"><\/span><\/li>\n<li><span style=\"font-weight: 400;\">Igreja<\/span><\/li>\n<li><span style=\"font-weight: 400;\">Cemit\u00e9rio<\/span><\/li>\n<\/ul>\n<p>[\/et_pb_text][\/et_pb_column][et_pb_column type=&#8221;1_3&#8243; _builder_version=&#8221;4.27.4&#8243; _module_preset=&#8221;default&#8221; global_colors_info=&#8221;{}&#8221;][et_pb_text _builder_version=&#8221;4.27.4&#8243; _module_preset=&#8221;default&#8221; text_font=&#8221;Gayathri||||||||&#8221; text_text_color=&#8221;#633b00&#8243; text_font_size=&#8221;18px&#8221; text_letter_spacing=&#8221;2px&#8221; hover_enabled=&#8221;0&#8243; global_colors_info=&#8221;{}&#8221; sticky_enabled=&#8221;0&#8243;]<\/p>\n<ul>\n<li><span style=\"font-weight: 400;\">Posto de turismo<\/span><\/li>\n<li><span style=\"font-weight: 400;\">Mercado<\/span><span style=\"font-weight: 400;\"><\/span><\/li>\n<li><span style=\"font-weight: 400;\"><\/span><span style=\"font-weight: 400;\">Esta\u00e7\u00f5es de servi\u00e7o<\/span><\/li>\n<li><span style=\"font-weight: 400;\">Paragem de autocarro para <\/span><span style=\"font-weight: 400;\"><\/span><span style=\"font-weight: 400;\">Portim\u00e3o<\/span><\/li>\n<li><span style=\"font-weight: 400;\">Solicitadora<\/span><span style=\"font-weight: 400;\"><\/span><\/li>\n<\/ul>\n<p>[\/et_pb_text][\/et_pb_column][et_pb_column type=&#8221;1_3&#8243; _builder_version=&#8221;4.27.4&#8243; _module_preset=&#8221;default&#8221; global_colors_info=&#8221;{}&#8221;][et_pb_text _builder_version=&#8221;4.27.4&#8243; _module_preset=&#8221;default&#8221; text_font=&#8221;Gayathri||||||||&#8221; text_text_color=&#8221;#633b00&#8243; text_font_size=&#8221;18px&#8221; text_letter_spacing=&#8221;2px&#8221; hover_enabled=&#8221;0&#8243; global_colors_info=&#8221;{}&#8221; sticky_enabled=&#8221;0&#8243;]<\/p>\n<ul>\n<li><span style=\"font-weight: 400;\">Cooperativa<\/span><\/li>\n<li><span style=\"font-weight: 400;\"><\/span><span style=\"font-weight: 400;\">Serra\u00e7\u00e3o<\/span><span style=\"font-weight: 400;\"><\/span><\/li>\n<li><span style=\"font-weight: 400;\">Construir neg\u00f3cios<\/span><\/li>\n<li><span style=\"font-weight: 400;\">Oficina de alum\u00ednio e madeira<\/span><\/li>\n<li><span style=\"font-weight: 400;\">Lojas de acess\u00f3rios de jardim<\/span><\/li>\n<\/ul>\n<p>[\/et_pb_text][\/et_pb_column][\/et_pb_row][et_pb_row column_structure=&#8221;1_3,1_3,1_3&#8243; _builder_version=&#8221;4.27.4&#8243; _module_preset=&#8221;default&#8221; global_colors_info=&#8221;{}&#8221;][et_pb_column type=&#8221;1_3&#8243; _builder_version=&#8221;4.27.4&#8243; _module_preset=&#8221;default&#8221; global_colors_info=&#8221;{}&#8221;][et_pb_text _builder_version=&#8221;4.27.4&#8243; _module_preset=&#8221;default&#8221; text_font=&#8221;Gayathri||||||||&#8221; text_text_color=&#8221;#633b00&#8243; text_font_size=&#8221;18px&#8221; text_letter_spacing=&#8221;2px&#8221; hover_enabled=&#8221;0&#8243; global_colors_info=&#8221;{}&#8221; sticky_enabled=&#8221;0&#8243;]<\/p>\n<ul>\n<li><span style=\"font-weight: 400;\">Intermarche<\/span><\/li>\n<li><span style=\"font-weight: 400;\">K<\/span><span style=\"font-weight: 400;\">Pequenas mercearias<\/span><span style=\"font-weight: 400;\"><\/span><\/li>\n<li><span style=\"font-weight: 400;\">Sal\u00f5es de cabeleireiro<\/span><span style=\"font-weight: 400;\"><\/span><\/li>\n<li><span style=\"font-weight: 400;\">Barbeiro<\/span><\/li>\n<li><span style=\"font-weight: 400;\">Papelaria  <\/span><\/li>\n<\/ul>\n<p>[\/et_pb_text][\/et_pb_column][et_pb_column type=&#8221;1_3&#8243; _builder_version=&#8221;4.27.4&#8243; _module_preset=&#8221;default&#8221; global_colors_info=&#8221;{}&#8221;][et_pb_text _builder_version=&#8221;4.27.4&#8243; _module_preset=&#8221;default&#8221; text_font=&#8221;Gayathri||||||||&#8221; text_text_color=&#8221;#633b00&#8243; text_font_size=&#8221;18px&#8221; text_letter_spacing=&#8221;2px&#8221; global_colors_info=&#8221;{}&#8221;]<\/p>\n<ul>\n<li><span style=\"font-weight: 400;\">Artesanato com\u00e9rcio de arte<\/span><\/li>\n<li><span style=\"font-weight: 400;\"><\/span><span style=\"font-weight: 400;\">Caf\u00e9s e restaurantes<\/span><\/li>\n<li><span style=\"font-weight: 400;\">Oficinas de repara\u00e7\u00e3o de autom\u00f3veis<\/span><\/li>\n<li><span style=\"font-weight: 400;\">Hot\u00e9is, casas de h\u00f3spedes<\/span><\/li>\n<li><span style=\"font-weight: 400;\">Caf\u00e9s e restaurantes<\/span><\/li>\n<\/ul>\n<p>[\/et_pb_text][\/et_pb_column][et_pb_column type=&#8221;1_3&#8243; _builder_version=&#8221;4.27.4&#8243; _module_preset=&#8221;default&#8221; global_colors_info=&#8221;{}&#8221;][\/et_pb_column][\/et_pb_row][\/et_pb_section]<\/p>\n","protected":false},"excerpt":{"rendered":"<p>MonchiqueMonchique, com cerca de 4373 habitantes, \u00e9 a maior cidade da serra e situa-se a cerca de 23 km a leste de n\u00f3s. GNR Bombeiros Publica C\u00e2mara Municipal Servi\u00e7o de Finan\u00e7as Centro de Sa\u00fade M\u00e9dicos Farm\u00e1cia Advogado pequeno hospital Creche Jardim de inf\u00e2ncia Escola prim\u00e1ria Escola secund\u00e1ria Biblioteca Piscina exterior com parque Parque infantil Museu [&hellip;]<\/p>\n","protected":false},"author":1,"featured_media":0,"parent":0,"menu_order":0,"comment_status":"closed","ping_status":"closed","template":"","meta":{"_et_pb_use_builder":"on","_et_pb_old_content":"","_et_gb_content_width":"","footnotes":""},"class_list":["post-4265","page","type-page","status-publish","hentry"],"_links":{"self":[{"href":"https:\/\/young-authentic.com\/pt-pt\/wp-json\/wp\/v2\/pages\/4265","targetHints":{"allow":["GET"]}}],"collection":[{"href":"https:\/\/young-authentic.com\/pt-pt\/wp-json\/wp\/v2\/pages"}],"about":[{"href":"https:\/\/young-authentic.com\/pt-pt\/wp-json\/wp\/v2\/types\/page"}],"author":[{"embeddable":true,"href":"https:\/\/young-authentic.com\/pt-pt\/wp-json\/wp\/v2\/users\/1"}],"replies":[{"embeddable":true,"href":"https:\/\/young-authentic.com\/pt-pt\/wp-json\/wp\/v2\/comments?post=4265"}],"version-history":[{"count":4,"href":"https:\/\/young-authentic.com\/pt-pt\/wp-json\/wp\/v2\/pages\/4265\/revisions"}],"predecessor-version":[{"id":4546,"href":"https:\/\/young-authentic.com\/pt-pt\/wp-json\/wp\/v2\/pages\/4265\/revisions\/4546"}],"wp:attachment":[{"href":"https:\/\/young-authentic.com\/pt-pt\/wp-json\/wp\/v2\/media?parent=4265"}],"curies":[{"name":"wp","href":"https:\/\/api.w.org\/{rel}","templated":true}]}}