{"id":4280,"date":"2025-04-19T10:26:24","date_gmt":"2025-04-19T10:26:24","guid":{"rendered":"https:\/\/young-authentic.com\/trabalha-fora\/"},"modified":"2025-04-21T18:43:30","modified_gmt":"2025-04-21T18:43:30","slug":"trabalha-fora","status":"publish","type":"page","link":"https:\/\/young-authentic.com\/pt-pt\/trabalha-fora\/","title":{"rendered":"Workaway"},"content":{"rendered":"<p>[et_pb_section fb_built=&#8221;1&#8243; _builder_version=&#8221;4.27.4&#8243; _module_preset=&#8221;default&#8221; background_color=&#8221;rgba(224,159,17,0.24)&#8221; global_colors_info=&#8221;{}&#8221;][et_pb_row custom_padding_last_edited=&#8221;on|desktop&#8221; _builder_version=&#8221;4.16&#8243; custom_padding=&#8221;||0px||false|false&#8221; custom_padding_tablet=&#8221;0px||0px||true|false&#8221; custom_padding_phone=&#8221;0px||0px||true|false&#8221; global_colors_info=&#8221;{}&#8221;][et_pb_column type=&#8221;4_4&#8243; _builder_version=&#8221;4.16&#8243; global_colors_info=&#8221;{}&#8221;][et_pb_text _builder_version=&#8221;4.27.4&#8243; text_font=&#8221;Gayathri|700|||||||&#8221; text_text_color=&#8221;rgba(0,132,155,0.82)&#8221; text_font_size=&#8221;28px&#8221; text_letter_spacing=&#8221;2px&#8221; global_colors_info=&#8221;{}&#8221;]<\/p>\n<p>Trabalha fora<\/p>\n<p>[\/et_pb_text][\/et_pb_column][\/et_pb_row][et_pb_row _builder_version=&#8221;4.27.4&#8243; _module_preset=&#8221;default&#8221; global_colors_info=&#8221;{}&#8221;][et_pb_column type=&#8221;4_4&#8243; _builder_version=&#8221;4.27.4&#8243; _module_preset=&#8221;default&#8221; global_colors_info=&#8221;{}&#8221;][et_pb_text _builder_version=&#8221;4.27.4&#8243; _module_preset=&#8221;default&#8221; text_font=&#8221;Gayathri||||||||&#8221; text_text_color=&#8221;#633b00&#8243; text_font_size=&#8221;18px&#8221; text_letter_spacing=&#8221;2px&#8221; global_colors_info=&#8221;{}&#8221;]<\/p>\n<p><span style=\"font-weight: 400;\">\u00c9s bem-vindo a ajudar e a viver connosco nas instala\u00e7\u00f5es.<br \/>Contamos sempre com o teu apoio!<\/span><\/p>\n<p><span style=\"font-weight: 400;\">Oferecemos-te a nossa caravana ou um campo para a tua carrinha.<br \/>\u00c1gua, eletricidade, casa de banho de compostagem e chuveiro est\u00e3o \u00e0 tua disposi\u00e7\u00e3o.<\/span><\/p>\n<p>Aproveita o jardim de ervas arom\u00e1ticas e as \u00e1rvores de fruto durante a tua estadia, ou a oportunidade de cultivar os teus pr\u00f3prios legumes. J\u00e1 tens camas preparadas.<\/p>\n<p><span style=\"color: rgba(0, 132, 155, 0.82);\"><b>\u00c1reas de responsabilidade<\/b><\/span><b><br \/><\/b><span style=\"font-weight: 400;\">dependendo da esta\u00e7\u00e3o do ano<\/span><span style=\"font-weight: 400;\">:<br \/><\/span><span style=\"font-weight: 400;\">&#8211; Jardinagem<\/span><span style=\"font-weight: 400;\"><br \/><\/span><span style=\"font-weight: 400;\">&#8211; Pequenos trabalhos de conce\u00e7\u00e3o e repara\u00e7\u00e3o<\/span><span style=\"font-weight: 400;\"><br \/><\/span><span style=\"font-weight: 400;\">&#8211; pequenos projectos de constru\u00e7\u00e3o<\/span><span style=\"font-weight: 400;\"><br \/><\/span><span style=\"font-weight: 400;\">&#8211; Embelezamento da planta<\/span><span style=\"font-weight: 400;\"><br \/><\/span><span style=\"font-weight: 400;\">&#8211; Limpeza e manuten\u00e7\u00e3o da casa (se necess\u00e1rio)<\/span><span style=\"font-weight: 400;\"><br \/><\/span><span style=\"font-weight: 400;\">&#8211; Queima de \u00e1rvores e res\u00edduos verdes<\/span><span style=\"font-weight: 400;\"><br \/><\/span><span style=\"font-weight: 400;\">&#8211; Irriga\u00e7\u00e3o<\/span><span style=\"font-weight: 400;\"><br \/><\/span><span style=\"font-weight: 400;\"><br \/><\/span><span style=\"color: rgba(0, 132, 155, 0.82);\"><b>Caravana Workaway<\/b><\/span><b><br \/><\/b><span style=\"font-weight: 400;\">em troca de uma assist\u00eancia de cerca de 40 horas de trabalho por m\u00eas -&gt; 10 horas por semana<\/span><span style=\"font-weight: 400;\"><br \/><\/span><span style=\"font-weight: 400;\"><br \/><\/span><span style=\"color: rgba(0, 132, 155, 0.82);\"><b>Trabalha fora Van Pitch<\/b><\/span><b><br \/><\/b><span style=\"font-weight: 400;\">contra assist\u00eancia de aprox.<\/span> <span style=\"font-weight: 400;\">20 horas de trabalho por m\u00eas -&gt; 5 horas por semana<\/span><\/p>\n<p>[\/et_pb_text][\/et_pb_column][\/et_pb_row][\/et_pb_section]<\/p>\n","protected":false},"excerpt":{"rendered":"<p>Trabalha fora\u00c9s bem-vindo a ajudar e a viver connosco nas instala\u00e7\u00f5es.Contamos sempre com o teu apoio! Oferecemos-te a nossa caravana ou um campo para a tua carrinha.\u00c1gua, eletricidade, casa de banho de compostagem e chuveiro est\u00e3o \u00e0 tua disposi\u00e7\u00e3o. Aproveita o jardim de ervas arom\u00e1ticas e as \u00e1rvores de fruto durante a tua estadia, ou [&hellip;]<\/p>\n","protected":false},"author":1,"featured_media":0,"parent":0,"menu_order":0,"comment_status":"closed","ping_status":"closed","template":"","meta":{"_et_pb_use_builder":"on","_et_pb_old_content":"","_et_gb_content_width":"","footnotes":""},"class_list":["post-4280","page","type-page","status-publish","hentry"],"_links":{"self":[{"href":"https:\/\/young-authentic.com\/pt-pt\/wp-json\/wp\/v2\/pages\/4280","targetHints":{"allow":["GET"]}}],"collection":[{"href":"https:\/\/young-authentic.com\/pt-pt\/wp-json\/wp\/v2\/pages"}],"about":[{"href":"https:\/\/young-authentic.com\/pt-pt\/wp-json\/wp\/v2\/types\/page"}],"author":[{"embeddable":true,"href":"https:\/\/young-authentic.com\/pt-pt\/wp-json\/wp\/v2\/users\/1"}],"replies":[{"embeddable":true,"href":"https:\/\/young-authentic.com\/pt-pt\/wp-json\/wp\/v2\/comments?post=4280"}],"version-history":[{"count":8,"href":"https:\/\/young-authentic.com\/pt-pt\/wp-json\/wp\/v2\/pages\/4280\/revisions"}],"predecessor-version":[{"id":4845,"href":"https:\/\/young-authentic.com\/pt-pt\/wp-json\/wp\/v2\/pages\/4280\/revisions\/4845"}],"wp:attachment":[{"href":"https:\/\/young-authentic.com\/pt-pt\/wp-json\/wp\/v2\/media?parent=4280"}],"curies":[{"name":"wp","href":"https:\/\/api.w.org\/{rel}","templated":true}]}}